{"id":625,"date":"2021-01-26T15:20:23","date_gmt":"2021-01-26T20:20:23","guid":{"rendered":"https:\/\/havenhouse.flywheelsites.com\/?page_id=625"},"modified":"2024-11-14T10:29:18","modified_gmt":"2024-11-14T15:29:18","slug":"home","status":"publish","type":"page","link":"https:\/\/havenhousetn.org\/es\/","title":{"rendered":"Hogar"},"content":{"rendered":"<h1>Haven House es un proveedor de refugio y defensa para v\u00edctimas de violencia dom\u00e9stica.<\/h1>\t\t\t\n\t\t\t\t<p>Tienes derecho a vivir sin miedo al abuso. Estamos aqu\u00ed para ayudar.<\/p>\n\t\t\t<a href=\"#down\" title=\"Click Here\" target=\"_self\"   role=\"button\" aria-label=\"Lee mas\">\n\t\t\t\t\t\t\tLee mas\n\t\t<\/a>\n\t\t\t\t<p>La violencia dom\u00e9stica es un patr\u00f3n de comportamiento utilizado por alguien para establecer y mantener el poder y el control sobre una pareja \u00edntima y puede incluir abuso f\u00edsico, emocional, econ\u00f3mico o sexual.<\/p>\n<p><strong>La violencia dom\u00e9stica es un delito que puede afectar a cualquier persona.<\/strong><\/p>\n\t\t\t\t<img decoding=\"async\" src=\"https:\/\/spcdn.shortpixel.ai\/spio\/ret_img,q_cdnize,to_webp,s_webp\/havenhousetn.org\/wp-content\/uploads\/2020\/11\/HH_cropped-1024x473-1.jpg\" alt=\"HH_cropped-1024x473\" title=\"HH_cropped-1024x473\" itemprop=\"image\"  \/>\n\t\t\t\t<p>En Haven House, estamos aqu\u00ed para brindar sanaci\u00f3n, apoyo y empoderamiento a todas las v\u00edctimas de violencia dom\u00e9stica, sin importar su raza, antecedentes, g\u00e9nero u orientaci\u00f3n sexual. Creemos en caminar junto a las v\u00edctimas para brindar seguridad, defensa y educaci\u00f3n.<\/p>\n\t<p>No est\u00e1s solo. Estamos aqu\u00ed para caminar a tu lado.<\/p>\n\t\t\t\t<img decoding=\"async\" src=\"https:\/\/spcdn.shortpixel.ai\/spio\/ret_img,q_cdnize,to_webp,s_webp\/havenhousetn.org\/wp-content\/uploads\/2021\/06\/Victim-Help.jpg\" alt=\"Victim Help\" title=\"Ayuda a las v\u00edctimas\" itemprop=\"image\"  \/>\n\t\t\t\t<p>A trav\u00e9s de nuestra l\u00ednea directa de refugio y crisis las 24 horas, los servicios de apoyo, los programas para j\u00f3venes y las campa\u00f1as de concientizaci\u00f3n comunitaria, brindamos recursos que cambian la vida de las v\u00edctimas para que comiencen una nueva vida que sea segura, independiente y libre de violencia y miedo.<\/p>\n\t\t\t<h3>\u00bfEst\u00e1s en peligro? Llame a nuestra l\u00ednea directa las 24 horas<\/h3>\n\t\t\t<a href=\"tel:865-982-1087\" title=\"Click Here\" target=\"_self\"   role=\"button\" aria-label=\"865.982.1087\">\n\t\t\t\t\t\t\t865.982.1087\n\t\t<\/a>\n\t\t\t<h2>1 de cada 4 mujeres en Tennessee son v\u00edctimas de violencia dom\u00e9stica<\/h2>\t\t\t\n\t<h3>\n\t\t\t\tLos n\u00fameros hablan\n\t\t\t<\/h3>\n\t\t<!-- Comment to fix spacing issue\n\t-->\n\t\t<h2>0<\/h2>Mujeres y ni\u00f1os alojados en nuestro refugio de emergencia\n\t<!-- Comment to fix spacing issue\n\t-->\t\n\t\t<!-- Comment to fix spacing issue\n\t-->\n\t\t<h2>0<\/h2>Active Court Clients\n\t<!-- Comment to fix spacing issue\n\t-->\t\n\t\t<!-- Comment to fix spacing issue\n\t-->\n\t\t<h2>0<\/h2>Llamadas de l\u00ednea directa recibidas\n\t<!-- Comment to fix spacing issue\n\t-->\t\n\t\t<!-- Comment to fix spacing issue\n\t-->\n\t\t<h2>0<\/h2>Outreach Clients\n\t<!-- Comment to fix spacing issue\n\t-->\t\n\t\t<!-- Comment to fix spacing issue\n\t-->\n\t\t<h2>0<\/h2>Tennessee ocupa el quinto lugar en mujeres asesinadas por hombres\n\t<!-- Comment to fix spacing issue\n\t-->\t\n\t\t<!-- Comment to fix spacing issue\n\t-->\n\t\t<h2>0<\/h2>Cada 9 segundos, una mujer es agredida o golpeada en EE. UU.\n\t<!-- Comment to fix spacing issue\n\t-->\t\n<h5>\n\t\tThank You to our Sponsors!\n\t<\/h5>\n\t\t\t\t<a href=\"https:\/\/www.denso.com\/us-ca\/en\/about-us\/company-information\/us\/dmtn\/\" target=\"_blank\" rel=\"noopener\"  itemprop=\"url\">\n\t\t\t\t<img loading=\"lazy\" decoding=\"async\" src=\"https:\/\/spcdn.shortpixel.ai\/spio\/ret_img,q_cdnize,to_webp,s_webp\/havenhousetn.org\/wp-content\/uploads\/2024\/11\/Denso-Updated-Logo-resized-Copy-1.webp\" alt=\"Denso Updated Logo resized - Copy (1)\" itemprop=\"image\" height=\"300\" width=\"300\" title=\"Denso Updated Logo resized - Copy (1)\" onerror=\"this.style.display='none'\"  \/>\n\t\t\t\t<\/a>\n\t\t\t\t<a href=\"https:\/\/www.ephraiminc.com\/\" target=\"_blank\" rel=\"noopener\"  itemprop=\"url\">\n\t\t\t\t<img loading=\"lazy\" decoding=\"async\" src=\"https:\/\/spcdn.shortpixel.ai\/spio\/ret_img,q_cdnize,to_webp,s_webp\/havenhousetn.org\/wp-content\/uploads\/2024\/11\/ephraim-inc_-150x150.webp\" alt=\"ephraim inc_\" itemprop=\"image\" height=\"150\" width=\"150\" title=\"ephraim inc_\" onerror=\"this.style.display='none'\"  \/>\n\t\t\t\t<\/a>\n\t\t\t\t<a href=\"https:\/\/lecontecompanies.com\/index.html\" target=\"_blank\" rel=\"noopener\"  itemprop=\"url\">\n\t\t\t\t<img loading=\"lazy\" decoding=\"async\" src=\"https:\/\/spcdn.shortpixel.ai\/spio\/ret_img,q_cdnize,to_webp,s_webp\/havenhousetn.org\/wp-content\/uploads\/2024\/11\/leconte-realty-foundation-logo-2.webp\" alt=\"leconte realty foundation logo (2)\" itemprop=\"image\" height=\"93\" width=\"150\" title=\"leconte realty foundation logo (2)\" onerror=\"this.style.display='none'\"  \/>\n\t\t\t\t<\/a>\n\t\t\t\t<a href=\"https:\/\/shultspediatrics.com\/\" target=\"_blank\" rel=\"noopener\"  itemprop=\"url\">\n\t\t\t\t<img loading=\"lazy\" decoding=\"async\" src=\"https:\/\/spcdn.shortpixel.ai\/spio\/ret_img,q_cdnize,to_webp,s_webp\/havenhousetn.org\/wp-content\/uploads\/2024\/11\/logo-Shults-vertical-color-1.webp\" alt=\"logo-Shults-vertical-color (1)\" itemprop=\"image\" height=\"194\" width=\"150\" title=\"logo-Shults-vertical-color (1)\" onerror=\"this.style.display='none'\"  \/>\n\t\t\t\t<\/a>\n\t\t\t\t<a href=\"https:\/\/www.bryaninsurance.com\/\" target=\"_blank\" rel=\"noopener\"  itemprop=\"url\">\n\t\t\t\t<img loading=\"lazy\" decoding=\"async\" src=\"https:\/\/spcdn.shortpixel.ai\/spio\/ret_img,q_cdnize,to_webp,s_webp\/havenhousetn.org\/wp-content\/uploads\/2024\/11\/Bryan_Primary_Vertical_Color.webp\" alt=\"Bryan_Primary_Vertical_Color\" itemprop=\"image\" height=\"154\" width=\"300\" title=\"Bryan_Primary_Vertical_Color\" onerror=\"this.style.display='none'\"  \/>\n\t\t\t\t<\/a>\n\t\t\t\t<a href=\"https:\/\/www.johnsoncontrols.com\/\" target=\"_blank\" rel=\"noopener\"  itemprop=\"url\">\n\t\t\t\t<img loading=\"lazy\" decoding=\"async\" src=\"https:\/\/spcdn.shortpixel.ai\/spio\/ret_img,q_cdnize,to_webp,s_webp\/havenhousetn.org\/wp-content\/uploads\/2024\/11\/Johnson-Controls-Logo.webp\" alt=\"Johnson Controls Logo\" itemprop=\"image\" height=\"152\" width=\"331\" title=\"Johnson Controls Logo\" onerror=\"this.style.display='none'\"  \/>\n\t\t\t\t<\/a>\n\t\t\t\t<a href=\"https:\/\/www.summitmedical.com\/\" target=\"_blank\" rel=\"noopener\"  itemprop=\"url\">\n\t\t\t\t<img loading=\"lazy\" decoding=\"async\" src=\"https:\/\/spcdn.shortpixel.ai\/spio\/ret_img,q_cdnize,to_webp,s_webp\/havenhousetn.org\/wp-content\/uploads\/2024\/11\/summitmedicalcom_467009155-1.webp\" alt=\"summitmedicalcom_467009155 (1)\" itemprop=\"image\" height=\"49\" width=\"200\" title=\"summitmedicalcom_467009155 (1)\" onerror=\"this.style.display='none'\"  \/>\n\t\t\t\t<\/a>\n\t\t\t\t<a href=\"https:\/\/gearstaffing.com\/\" target=\"_blank\" rel=\"noopener\"  itemprop=\"url\">\n\t\t\t\t<img loading=\"lazy\" decoding=\"async\" src=\"https:\/\/spcdn.shortpixel.ai\/spio\/ret_img,q_cdnize,to_webp,s_webp\/havenhousetn.org\/wp-content\/uploads\/2024\/11\/GEAR-Logo.webp\" alt=\"GEAR Logo\" itemprop=\"image\" height=\"98\" width=\"300\" title=\"GEAR Logo\" onerror=\"this.style.display='none'\"  \/>\n\t\t\t\t<\/a>\n\t\t\t\t<a href=\"https:\/\/www.atfcu.com\/\" target=\"_blank\" rel=\"noopener\"  itemprop=\"url\">\n\t\t\t\t<img loading=\"lazy\" decoding=\"async\" src=\"https:\/\/spcdn.shortpixel.ai\/spio\/ret_img,q_cdnize,to_webp,s_webp\/havenhousetn.org\/wp-content\/uploads\/2024\/11\/alcoa-tenn-logo-1.webp\" alt=\"alcoa-tenn-logo (1)\" itemprop=\"image\" height=\"71\" width=\"300\" title=\"alcoa-tenn-logo (1)\" onerror=\"this.style.display='none'\"  \/>\n\t\t\t\t<\/a>\n\t\t\t\t<a href=\"https:\/\/www.bishop-construction.com\/?utm_source=google&#038;utm_medium=wix-smart-campaign&#038;utm_campaign=google-ads-campaign-2024-10-7-b9b409ed&#038;gclid=CjwKCAiA3Na5BhAZEiwAzrfagKTiSvzcYXs2V5OvikVQkAcJtKiG5sWGwukT7VhKkbvXqWqAJQkTmxoC8VkQAvD_BwE\" target=\"_blank\" rel=\"noopener\"  itemprop=\"url\">\n\t\t\t\t<img loading=\"lazy\" decoding=\"async\" src=\"https:\/\/spcdn.shortpixel.ai\/spio\/ret_img,q_cdnize,to_webp,s_webp\/havenhousetn.org\/wp-content\/uploads\/2024\/11\/Bishop-Construction.webp\" alt=\"Bishop Construction\" itemprop=\"image\" height=\"98\" width=\"373\" title=\"Bishop Construction\" onerror=\"this.style.display='none'\"  \/>\n\t\t\t\t<\/a>\n\t\t\t\t<a href=\"https:\/\/www.claytonsupercenter.com\/\" target=\"_blank\" rel=\"noopener\"  itemprop=\"url\">\n\t\t\t\t<img loading=\"lazy\" decoding=\"async\" src=\"https:\/\/spcdn.shortpixel.ai\/spio\/ret_img,q_cdnize,to_webp,s_webp\/havenhousetn.org\/wp-content\/uploads\/2024\/11\/Clayton-300x110.webp\" alt=\"Clayton\" itemprop=\"image\" height=\"110\" width=\"300\" title=\"Clayton\" onerror=\"this.style.display='none'\"  \/>\n\t\t\t\t<\/a>\n\t\t\t\t<a href=\"https:\/\/www.renasantbank.com\/\" target=\"_blank\" rel=\"noopener\"  itemprop=\"url\">\n\t\t\t\t<img loading=\"lazy\" decoding=\"async\" src=\"https:\/\/spcdn.shortpixel.ai\/spio\/ret_img,q_cdnize,to_webp,s_webp\/havenhousetn.org\/wp-content\/uploads\/2024\/11\/RenasantBankLogo-FacebookShare-1.webp\" alt=\"RenasantBankLogo-FacebookShare (1)\" itemprop=\"image\" height=\"157\" width=\"300\" title=\"RenasantBankLogo-FacebookShare (1)\" onerror=\"this.style.display='none'\"  \/>\n\t\t\t\t<\/a>","protected":false},"excerpt":{"rendered":"<p>Haven House is a shelter and advocacy provider for victims of domestic violence You have a right to live without fear of abuse. We&#8217;re here to help. Read More Domestic Violence is a pattern of behavior used by someone to establish and maintain power and control over an intimate partner and may include physical, emotional, [&hellip;]<\/p>\n","protected":false},"author":1,"featured_media":0,"parent":0,"menu_order":0,"comment_status":"closed","ping_status":"closed","template":"","meta":{"site-sidebar-layout":"no-sidebar","site-content-layout":"page-builder","ast-site-content-layout":"full-width-container","site-content-style":"unboxed","site-sidebar-style":"unboxed","ast-global-header-display":"","ast-banner-title-visibility":"","ast-main-header-display":"","ast-hfb-above-header-display":"","ast-hfb-below-header-display":"","ast-hfb-mobile-header-display":"","site-post-title":"disabled","ast-breadcrumbs-content":"","ast-featured-img":"disabled","footer-sml-layout":"","ast-disable-related-posts":"","theme-transparent-header-meta":"default","adv-header-id-meta":"","stick-header-meta":"default","header-above-stick-meta":"","header-main-stick-meta":"","header-below-stick-meta":"","astra-migrate-meta-layouts":"set","ast-page-background-enabled":"default","ast-page-background-meta":{"desktop":{"background-color":"","background-image":"","background-repeat":"repeat","background-position":"center center","background-size":"auto","background-attachment":"scroll","background-type":"","background-media":"","overlay-type":"","overlay-color":"","overlay-opacity":"","overlay-gradient":""},"tablet":{"background-color":"","background-image":"","background-repeat":"repeat","background-position":"center center","background-size":"auto","background-attachment":"scroll","background-type":"","background-media":"","overlay-type":"","overlay-color":"","overlay-opacity":"","overlay-gradient":""},"mobile":{"background-color":"","background-image":"","background-repeat":"repeat","background-position":"center center","background-size":"auto","background-attachment":"scroll","background-type":"","background-media":"","overlay-type":"","overlay-color":"","overlay-opacity":"","overlay-gradient":""}},"ast-content-background-meta":{"desktop":{"background-color":"var(--ast-global-color-5)","background-image":"","background-repeat":"repeat","background-position":"center center","background-size":"auto","background-attachment":"scroll","background-type":"","background-media":"","overlay-type":"","overlay-color":"","overlay-opacity":"","overlay-gradient":""},"tablet":{"background-color":"var(--ast-global-color-5)","background-image":"","background-repeat":"repeat","background-position":"center center","background-size":"auto","background-attachment":"scroll","background-type":"","background-media":"","overlay-type":"","overlay-color":"","overlay-opacity":"","overlay-gradient":""},"mobile":{"background-color":"var(--ast-global-color-5)","background-image":"","background-repeat":"repeat","background-position":"center center","background-size":"auto","background-attachment":"scroll","background-type":"","background-media":"","overlay-type":"","overlay-color":"","overlay-opacity":"","overlay-gradient":""}},"footnotes":""},"class_list":["post-625","page","type-page","status-publish","hentry"],"yoast_head":"<!-- This site is optimized with the Yoast SEO plugin v27.3 - https:\/\/yoast.com\/product\/yoast-seo-wordpress\/ -->\n<title>Home - Haven House<\/title>\n<meta name=\"description\" content=\"Haven House exists to provide healing, support, and empowerment to all victims of domestic violence. Our 24-hour hotline, shelter, and advocacy services are designed to support the needs of victims.\" \/>\n<meta name=\"robots\" content=\"index, follow, max-snippet:-1, max-image-preview:large, max-video-preview:-1\" \/>\n<link rel=\"canonical\" href=\"https:\/\/havenhousetn.org\/es\/\" \/>\n<meta property=\"og:locale\" content=\"es_MX\" \/>\n<meta property=\"og:type\" content=\"article\" \/>\n<meta property=\"og:title\" content=\"Home - Haven House\" \/>\n<meta property=\"og:description\" content=\"Haven House exists to provide healing, support, and empowerment to all victims of domestic violence. Our 24-hour hotline, shelter, and advocacy services are designed to support the needs of victims.\" \/>\n<meta property=\"og:url\" content=\"https:\/\/havenhousetn.org\/es\/\" \/>\n<meta property=\"og:site_name\" content=\"Haven House\" \/>\n<meta property=\"article:modified_time\" content=\"2024-11-14T15:29:18+00:00\" \/>\n<meta property=\"og:image\" content=\"https:\/\/havenhousetn.org\/wp-content\/uploads\/2020\/11\/HH_cropped-1024x473-1.jpg\" \/>\n<meta name=\"twitter:card\" content=\"summary_large_image\" \/>\n<meta name=\"twitter:label1\" content=\"Tiempo de lectura\" \/>\n\t<meta name=\"twitter:data1\" content=\"2 minutos\" \/>\n<script type=\"application\/ld+json\" class=\"yoast-schema-graph\">{\"@context\":\"https:\\\/\\\/schema.org\",\"@graph\":[{\"@type\":\"WebPage\",\"@id\":\"https:\\\/\\\/havenhousetn.org\\\/\",\"url\":\"https:\\\/\\\/havenhousetn.org\\\/\",\"name\":\"Home - Haven House\",\"isPartOf\":{\"@id\":\"https:\\\/\\\/havenhousetn.org\\\/#website\"},\"primaryImageOfPage\":{\"@id\":\"https:\\\/\\\/havenhousetn.org\\\/#primaryimage\"},\"image\":{\"@id\":\"https:\\\/\\\/havenhousetn.org\\\/#primaryimage\"},\"thumbnailUrl\":\"https:\\\/\\\/havenhousetn.org\\\/wp-content\\\/uploads\\\/2020\\\/11\\\/HH_cropped-1024x473-1.jpg\",\"datePublished\":\"2021-01-26T20:20:23+00:00\",\"dateModified\":\"2024-11-14T15:29:18+00:00\",\"description\":\"Haven House exists to provide healing, support, and empowerment to all victims of domestic violence. Our 24-hour hotline, shelter, and advocacy services are designed to support the needs of victims.\",\"breadcrumb\":{\"@id\":\"https:\\\/\\\/havenhousetn.org\\\/#breadcrumb\"},\"inLanguage\":\"es\",\"potentialAction\":[{\"@type\":\"ReadAction\",\"target\":[\"https:\\\/\\\/havenhousetn.org\\\/\"]}]},{\"@type\":\"ImageObject\",\"inLanguage\":\"es\",\"@id\":\"https:\\\/\\\/havenhousetn.org\\\/#primaryimage\",\"url\":\"https:\\\/\\\/havenhousetn.org\\\/wp-content\\\/uploads\\\/2020\\\/11\\\/HH_cropped-1024x473-1.jpg\",\"contentUrl\":\"https:\\\/\\\/havenhousetn.org\\\/wp-content\\\/uploads\\\/2020\\\/11\\\/HH_cropped-1024x473-1.jpg\"},{\"@type\":\"BreadcrumbList\",\"@id\":\"https:\\\/\\\/havenhousetn.org\\\/#breadcrumb\",\"itemListElement\":[{\"@type\":\"ListItem\",\"position\":1,\"name\":\"Home\",\"item\":\"https:\\\/\\\/havenhousetn.org\\\/\"},{\"@type\":\"ListItem\",\"position\":2,\"name\":\"Home\"}]},{\"@type\":\"WebSite\",\"@id\":\"https:\\\/\\\/havenhousetn.org\\\/#website\",\"url\":\"https:\\\/\\\/havenhousetn.org\\\/\",\"name\":\"Haven House\",\"description\":\"\",\"publisher\":{\"@id\":\"https:\\\/\\\/havenhousetn.org\\\/#organization\"},\"potentialAction\":[{\"@type\":\"SearchAction\",\"target\":{\"@type\":\"EntryPoint\",\"urlTemplate\":\"https:\\\/\\\/havenhousetn.org\\\/?s={search_term_string}\"},\"query-input\":{\"@type\":\"PropertyValueSpecification\",\"valueRequired\":true,\"valueName\":\"search_term_string\"}}],\"inLanguage\":\"es\"},{\"@type\":\"Organization\",\"@id\":\"https:\\\/\\\/havenhousetn.org\\\/#organization\",\"name\":\"Haven House\",\"url\":\"https:\\\/\\\/havenhousetn.org\\\/\",\"logo\":{\"@type\":\"ImageObject\",\"inLanguage\":\"es\",\"@id\":\"https:\\\/\\\/havenhousetn.org\\\/#\\\/schema\\\/logo\\\/image\\\/\",\"url\":\"https:\\\/\\\/havenhousetn.org\\\/wp-content\\\/uploads\\\/2020\\\/11\\\/HH-Logo-White-2@2x.png\",\"contentUrl\":\"https:\\\/\\\/havenhousetn.org\\\/wp-content\\\/uploads\\\/2020\\\/11\\\/HH-Logo-White-2@2x.png\",\"width\":686,\"height\":584,\"caption\":\"Haven House\"},\"image\":{\"@id\":\"https:\\\/\\\/havenhousetn.org\\\/#\\\/schema\\\/logo\\\/image\\\/\"}}]}<\/script>\n<!-- \/ Yoast SEO plugin. -->","yoast_head_json":{"title":"Home - Haven House","description":"Haven House existe para brindar sanaci\u00f3n, apoyo y empoderamiento a todas las v\u00edctimas de violencia dom\u00e9stica. Nuestra l\u00ednea directa, refugio y servicios de defensa las 24 horas est\u00e1n dise\u00f1ados para apoyar las necesidades de las v\u00edctimas.","robots":{"index":"index","follow":"follow","max-snippet":"max-snippet:-1","max-image-preview":"max-image-preview:large","max-video-preview":"max-video-preview:-1"},"canonical":"https:\/\/havenhousetn.org\/es\/","og_locale":"es_MX","og_type":"article","og_title":"Home - Haven House","og_description":"Haven House exists to provide healing, support, and empowerment to all victims of domestic violence. Our 24-hour hotline, shelter, and advocacy services are designed to support the needs of victims.","og_url":"https:\/\/havenhousetn.org\/es\/","og_site_name":"Haven House","article_modified_time":"2024-11-14T15:29:18+00:00","og_image":[{"url":"https:\/\/havenhousetn.org\/wp-content\/uploads\/2020\/11\/HH_cropped-1024x473-1.jpg","type":"","width":"","height":""}],"twitter_card":"summary_large_image","twitter_misc":{"Tiempo de lectura":"2 minutos"},"schema":{"@context":"https:\/\/schema.org","@graph":[{"@type":"WebPage","@id":"https:\/\/havenhousetn.org\/","url":"https:\/\/havenhousetn.org\/","name":"Home - Haven House","isPartOf":{"@id":"https:\/\/havenhousetn.org\/#website"},"primaryImageOfPage":{"@id":"https:\/\/havenhousetn.org\/#primaryimage"},"image":{"@id":"https:\/\/havenhousetn.org\/#primaryimage"},"thumbnailUrl":"https:\/\/havenhousetn.org\/wp-content\/uploads\/2020\/11\/HH_cropped-1024x473-1.jpg","datePublished":"2021-01-26T20:20:23+00:00","dateModified":"2024-11-14T15:29:18+00:00","description":"Haven House existe para brindar sanaci\u00f3n, apoyo y empoderamiento a todas las v\u00edctimas de violencia dom\u00e9stica. Nuestra l\u00ednea directa, refugio y servicios de defensa las 24 horas est\u00e1n dise\u00f1ados para apoyar las necesidades de las v\u00edctimas.","breadcrumb":{"@id":"https:\/\/havenhousetn.org\/#breadcrumb"},"inLanguage":"es","potentialAction":[{"@type":"ReadAction","target":["https:\/\/havenhousetn.org\/"]}]},{"@type":"ImageObject","inLanguage":"es","@id":"https:\/\/havenhousetn.org\/#primaryimage","url":"https:\/\/havenhousetn.org\/wp-content\/uploads\/2020\/11\/HH_cropped-1024x473-1.jpg","contentUrl":"https:\/\/havenhousetn.org\/wp-content\/uploads\/2020\/11\/HH_cropped-1024x473-1.jpg"},{"@type":"BreadcrumbList","@id":"https:\/\/havenhousetn.org\/#breadcrumb","itemListElement":[{"@type":"ListItem","position":1,"name":"Home","item":"https:\/\/havenhousetn.org\/"},{"@type":"ListItem","position":2,"name":"Home"}]},{"@type":"WebSite","@id":"https:\/\/havenhousetn.org\/#website","url":"https:\/\/havenhousetn.org\/","name":"Casa refugio","description":"","publisher":{"@id":"https:\/\/havenhousetn.org\/#organization"},"potentialAction":[{"@type":"SearchAction","target":{"@type":"EntryPoint","urlTemplate":"https:\/\/havenhousetn.org\/?s={search_term_string}"},"query-input":{"@type":"PropertyValueSpecification","valueRequired":true,"valueName":"search_term_string"}}],"inLanguage":"es"},{"@type":"Organization","@id":"https:\/\/havenhousetn.org\/#organization","name":"Casa refugio","url":"https:\/\/havenhousetn.org\/","logo":{"@type":"ImageObject","inLanguage":"es","@id":"https:\/\/havenhousetn.org\/#\/schema\/logo\/image\/","url":"https:\/\/havenhousetn.org\/wp-content\/uploads\/2020\/11\/HH-Logo-White-2@2x.png","contentUrl":"https:\/\/havenhousetn.org\/wp-content\/uploads\/2020\/11\/HH-Logo-White-2@2x.png","width":686,"height":584,"caption":"Haven House"},"image":{"@id":"https:\/\/havenhousetn.org\/#\/schema\/logo\/image\/"}}]}},"_links":{"self":[{"href":"https:\/\/havenhousetn.org\/es\/wp-json\/wp\/v2\/pages\/625","targetHints":{"allow":["GET"]}}],"collection":[{"href":"https:\/\/havenhousetn.org\/es\/wp-json\/wp\/v2\/pages"}],"about":[{"href":"https:\/\/havenhousetn.org\/es\/wp-json\/wp\/v2\/types\/page"}],"author":[{"embeddable":true,"href":"https:\/\/havenhousetn.org\/es\/wp-json\/wp\/v2\/users\/1"}],"replies":[{"embeddable":true,"href":"https:\/\/havenhousetn.org\/es\/wp-json\/wp\/v2\/comments?post=625"}],"version-history":[{"count":0,"href":"https:\/\/havenhousetn.org\/es\/wp-json\/wp\/v2\/pages\/625\/revisions"}],"wp:attachment":[{"href":"https:\/\/havenhousetn.org\/es\/wp-json\/wp\/v2\/media?parent=625"}],"curies":[{"name":"wp","href":"https:\/\/api.w.org\/{rel}","templated":true}]}}