{"id":605,"date":"2020-11-04T15:28:50","date_gmt":"2020-11-04T20:28:50","guid":{"rendered":"https:\/\/havenhouse.flywheelsites.com\/?page_id=605"},"modified":"2020-11-05T18:46:10","modified_gmt":"2020-11-05T23:46:10","slug":"volunteer-portal","status":"publish","type":"page","link":"https:\/\/havenhousetn.org\/es\/volunteer-portal\/","title":{"rendered":"Portal de voluntariado"},"content":{"rendered":"<h2>Haven House tiene muchas oportunidades para que los voluntarios contribuyan.<\/h2>\t\t\t\n\t\t\t\t<p>Los voluntarios marcan la diferencia en Haven House, y hay muchas oportunidades para ayudar mientras cuidamos a las v\u00edctimas y los ni\u00f1os afectados por la violencia dom\u00e9stica. Algunas \u00e1reas en las que constantemente necesitamos ayuda incluyen:<\/p>\n<p>\u2022 Proyectos especiales de interior \/ exterior en nuestro refugio de emergencia<\/p>\n<p>\u2022 Ayudar con la recaudaci\u00f3n de fondos y la conciencia de la comunidad<\/p>\n<p>\u2022 Eventos especiales como nuestra Gala anual del D\u00eda de San Valent\u00edn y el Mes de Concientizaci\u00f3n sobre la Violencia Dom\u00e9stica<\/p>\n<p>\u2022 Done comidas al refugio o para nuestro grupo de apoyo semanal<\/p>\n<p>\u2022 Organice una campa\u00f1a o recaudaci\u00f3n de fondos para los art\u00edculos que necesite<\/p>\n<p>\u2022 Armar bolsas de regalos para adultos y ni\u00f1os dentro de nuestro refugio, grupos de apoyo o clientes de alcance<\/p>\n<p>Si usted o su iglesia, grupo u organizaci\u00f3n desean contribuir, comun\u00edquese para obtener m\u00e1s informaci\u00f3n sobre nuestras necesidades espec\u00edficas y c\u00f3mo puede ayudar a hacer de Haven House un lugar de seguridad, refugio y sanaci\u00f3n.<\/p>\n\t\t\t<a href=\"tel:865-982-1087\" target=\"_self\" role=\"button\" rel=\"noopener noreferrer\">\n\t\t\t\t\t\t\tLlame al 865-982-1087 \n\t\t<\/a>\n\t\t\t<h2>Brindamos a las v\u00edctimas y los ni\u00f1os una variedad de servicios de apoyo.<\/h2>\t\t\t\n\t\t\t\t\t\t<h3 tabindex=\"0\">L\u00ednea directa las 24 horas<\/h3>\n\t\t\t<p>Siempre estamos aqu\u00ed cuando necesita ayuda. Llame al 865-982-1087<\/p>\n\t\t\t\t\t\t<h3 tabindex=\"0\">Refugio de emergencia<\/h3>\n\t\t\t<p>Para aquellos que huyen de una situaci\u00f3n violenta, nuestro refugio de emergencia es un refugio seguro para el espacio y la curaci\u00f3n. APRENDE M\u00c1S<\/p>\n\t\t\t\t\t\t<h3 tabindex=\"0\">Servicios para ni\u00f1os<\/h3>\n\t\t\t<p>Haven House ofrece servicios para ni\u00f1os afectados por la violencia dom\u00e9stica. APRENDE M\u00c1S<\/p>\n\t\t\t\t\t\t<h3 tabindex=\"0\">Abogac\u00eda judicial y legal<\/h3>\n\t\t\t<p>En Haven House, creemos en defender sus derechos legales contra la violencia dom\u00e9stica. APRENDE M\u00c1S<\/p>\n\t\t\t\t\t\t<h3 tabindex=\"0\">Grupos de apoyo<\/h3>\n\t\t\t<p>Haven House ofrece grupos de apoyo para que las v\u00edctimas de violencia dom\u00e9stica se conecten y compartan.<\/p>\n<p>No tienes que pasar por esto solo.<\/p>\n<p>APRENDE M\u00c1S<\/p>","protected":false},"excerpt":{"rendered":"<p>Haven House has plenty of opportunities for volunteers to contribute. Volunteers make the difference at Haven House, and there are so many opportunities to help as we care for victims and children impacted by domestic violence. A few areas where we consistently need help include: \u2022\u00a0\u00a0\u00a0 Special indoor\/outdoor projects at our emergency shelter \u2022\u00a0\u00a0\u00a0 Assisting [&hellip;]<\/p>\n","protected":false},"author":1,"featured_media":0,"parent":0,"menu_order":0,"comment_status":"closed","ping_status":"closed","template":"","meta":{"site-sidebar-layout":"no-sidebar","site-content-layout":"page-builder","ast-site-content-layout":"default","site-content-style":"default","site-sidebar-style":"default","ast-global-header-display":"","ast-banner-title-visibility":"","ast-main-header-display":"","ast-hfb-above-header-display":"","ast-hfb-below-header-display":"","ast-hfb-mobile-header-display":"","site-post-title":"disabled","ast-breadcrumbs-content":"","ast-featured-img":"disabled","footer-sml-layout":"","ast-disable-related-posts":"","theme-transparent-header-meta":"default","adv-header-id-meta":"","stick-header-meta":"default","header-above-stick-meta":"","header-main-stick-meta":"","header-below-stick-meta":"","astra-migrate-meta-layouts":"default","ast-page-background-enabled":"default","ast-page-background-meta":{"desktop":{"background-color":"","background-image":"","background-repeat":"repeat","background-position":"center center","background-size":"auto","background-attachment":"scroll","background-type":"","background-media":"","overlay-type":"","overlay-color":"","overlay-opacity":"","overlay-gradient":""},"tablet":{"background-color":"","background-image":"","background-repeat":"repeat","background-position":"center center","background-size":"auto","background-attachment":"scroll","background-type":"","background-media":"","overlay-type":"","overlay-color":"","overlay-opacity":"","overlay-gradient":""},"mobile":{"background-color":"","background-image":"","background-repeat":"repeat","background-position":"center center","background-size":"auto","background-attachment":"scroll","background-type":"","background-media":"","overlay-type":"","overlay-color":"","overlay-opacity":"","overlay-gradient":""}},"ast-content-background-meta":{"desktop":{"background-color":"var(--ast-global-color-5)","background-image":"","background-repeat":"repeat","background-position":"center center","background-size":"auto","background-attachment":"scroll","background-type":"","background-media":"","overlay-type":"","overlay-color":"","overlay-opacity":"","overlay-gradient":""},"tablet":{"background-color":"var(--ast-global-color-5)","background-image":"","background-repeat":"repeat","background-position":"center center","background-size":"auto","background-attachment":"scroll","background-type":"","background-media":"","overlay-type":"","overlay-color":"","overlay-opacity":"","overlay-gradient":""},"mobile":{"background-color":"var(--ast-global-color-5)","background-image":"","background-repeat":"repeat","background-position":"center center","background-size":"auto","background-attachment":"scroll","background-type":"","background-media":"","overlay-type":"","overlay-color":"","overlay-opacity":"","overlay-gradient":""}},"footnotes":""},"class_list":["post-605","page","type-page","status-publish","hentry"],"yoast_head":"<!-- This site is optimized with the Yoast SEO plugin v27.4 - https:\/\/yoast.com\/product\/yoast-seo-wordpress\/ -->\n<title>Volunteer Portal - Haven House<\/title>\n<meta name=\"robots\" content=\"index, follow, max-snippet:-1, max-image-preview:large, max-video-preview:-1\" \/>\n<link rel=\"canonical\" href=\"https:\/\/havenhousetn.org\/es\/volunteer-portal\/\" \/>\n<meta property=\"og:locale\" content=\"es_MX\" \/>\n<meta property=\"og:type\" content=\"article\" \/>\n<meta property=\"og:title\" content=\"Volunteer Portal - Haven House\" \/>\n<meta property=\"og:description\" content=\"Haven House has plenty of opportunities for volunteers to contribute. Volunteers make the difference at Haven House, and there are so many opportunities to help as we care for victims and children impacted by domestic violence. A few areas where we consistently need help include: \u2022\u00a0\u00a0\u00a0 Special indoor\/outdoor projects at our emergency shelter \u2022\u00a0\u00a0\u00a0 Assisting [&hellip;]\" \/>\n<meta property=\"og:url\" content=\"https:\/\/havenhousetn.org\/es\/volunteer-portal\/\" \/>\n<meta property=\"og:site_name\" content=\"Haven House\" \/>\n<meta property=\"article:modified_time\" content=\"2020-11-05T23:46:10+00:00\" \/>\n<meta name=\"twitter:card\" content=\"summary_large_image\" \/>\n<meta name=\"twitter:label1\" content=\"Tiempo de lectura\" \/>\n\t<meta name=\"twitter:data1\" content=\"1 minuto\" \/>\n<script type=\"application\/ld+json\" class=\"yoast-schema-graph\">{\"@context\":\"https:\\\/\\\/schema.org\",\"@graph\":[{\"@type\":\"WebPage\",\"@id\":\"https:\\\/\\\/havenhousetn.org\\\/volunteer-portal\\\/\",\"url\":\"https:\\\/\\\/havenhousetn.org\\\/volunteer-portal\\\/\",\"name\":\"Volunteer Portal - Haven House\",\"isPartOf\":{\"@id\":\"https:\\\/\\\/havenhousetn.org\\\/#website\"},\"datePublished\":\"2020-11-04T20:28:50+00:00\",\"dateModified\":\"2020-11-05T23:46:10+00:00\",\"breadcrumb\":{\"@id\":\"https:\\\/\\\/havenhousetn.org\\\/volunteer-portal\\\/#breadcrumb\"},\"inLanguage\":\"es\",\"potentialAction\":[{\"@type\":\"ReadAction\",\"target\":[\"https:\\\/\\\/havenhousetn.org\\\/volunteer-portal\\\/\"]}]},{\"@type\":\"BreadcrumbList\",\"@id\":\"https:\\\/\\\/havenhousetn.org\\\/volunteer-portal\\\/#breadcrumb\",\"itemListElement\":[{\"@type\":\"ListItem\",\"position\":1,\"name\":\"Home\",\"item\":\"https:\\\/\\\/havenhousetn.org\\\/\"},{\"@type\":\"ListItem\",\"position\":2,\"name\":\"Volunteer Portal\"}]},{\"@type\":\"WebSite\",\"@id\":\"https:\\\/\\\/havenhousetn.org\\\/#website\",\"url\":\"https:\\\/\\\/havenhousetn.org\\\/\",\"name\":\"Haven House\",\"description\":\"\",\"publisher\":{\"@id\":\"https:\\\/\\\/havenhousetn.org\\\/#organization\"},\"potentialAction\":[{\"@type\":\"SearchAction\",\"target\":{\"@type\":\"EntryPoint\",\"urlTemplate\":\"https:\\\/\\\/havenhousetn.org\\\/?s={search_term_string}\"},\"query-input\":{\"@type\":\"PropertyValueSpecification\",\"valueRequired\":true,\"valueName\":\"search_term_string\"}}],\"inLanguage\":\"es\"},{\"@type\":\"Organization\",\"@id\":\"https:\\\/\\\/havenhousetn.org\\\/#organization\",\"name\":\"Haven House\",\"url\":\"https:\\\/\\\/havenhousetn.org\\\/\",\"logo\":{\"@type\":\"ImageObject\",\"inLanguage\":\"es\",\"@id\":\"https:\\\/\\\/havenhousetn.org\\\/#\\\/schema\\\/logo\\\/image\\\/\",\"url\":\"https:\\\/\\\/havenhousetn.org\\\/wp-content\\\/uploads\\\/2020\\\/11\\\/HH-Logo-White-2@2x.png\",\"contentUrl\":\"https:\\\/\\\/havenhousetn.org\\\/wp-content\\\/uploads\\\/2020\\\/11\\\/HH-Logo-White-2@2x.png\",\"width\":686,\"height\":584,\"caption\":\"Haven House\"},\"image\":{\"@id\":\"https:\\\/\\\/havenhousetn.org\\\/#\\\/schema\\\/logo\\\/image\\\/\"}}]}<\/script>\n<!-- \/ Yoast SEO plugin. -->","yoast_head_json":{"title":"Volunteer Portal - Haven House","robots":{"index":"index","follow":"follow","max-snippet":"max-snippet:-1","max-image-preview":"max-image-preview:large","max-video-preview":"max-video-preview:-1"},"canonical":"https:\/\/havenhousetn.org\/es\/volunteer-portal\/","og_locale":"es_MX","og_type":"article","og_title":"Volunteer Portal - Haven House","og_description":"Haven House has plenty of opportunities for volunteers to contribute. Volunteers make the difference at Haven House, and there are so many opportunities to help as we care for victims and children impacted by domestic violence. A few areas where we consistently need help include: \u2022\u00a0\u00a0\u00a0 Special indoor\/outdoor projects at our emergency shelter \u2022\u00a0\u00a0\u00a0 Assisting [&hellip;]","og_url":"https:\/\/havenhousetn.org\/es\/volunteer-portal\/","og_site_name":"Haven House","article_modified_time":"2020-11-05T23:46:10+00:00","twitter_card":"summary_large_image","twitter_misc":{"Tiempo de lectura":"1 minuto"},"schema":{"@context":"https:\/\/schema.org","@graph":[{"@type":"WebPage","@id":"https:\/\/havenhousetn.org\/volunteer-portal\/","url":"https:\/\/havenhousetn.org\/volunteer-portal\/","name":"Volunteer Portal - Haven House","isPartOf":{"@id":"https:\/\/havenhousetn.org\/#website"},"datePublished":"2020-11-04T20:28:50+00:00","dateModified":"2020-11-05T23:46:10+00:00","breadcrumb":{"@id":"https:\/\/havenhousetn.org\/volunteer-portal\/#breadcrumb"},"inLanguage":"es","potentialAction":[{"@type":"ReadAction","target":["https:\/\/havenhousetn.org\/volunteer-portal\/"]}]},{"@type":"BreadcrumbList","@id":"https:\/\/havenhousetn.org\/volunteer-portal\/#breadcrumb","itemListElement":[{"@type":"ListItem","position":1,"name":"Home","item":"https:\/\/havenhousetn.org\/"},{"@type":"ListItem","position":2,"name":"Volunteer Portal"}]},{"@type":"WebSite","@id":"https:\/\/havenhousetn.org\/#website","url":"https:\/\/havenhousetn.org\/","name":"Casa refugio","description":"","publisher":{"@id":"https:\/\/havenhousetn.org\/#organization"},"potentialAction":[{"@type":"SearchAction","target":{"@type":"EntryPoint","urlTemplate":"https:\/\/havenhousetn.org\/?s={search_term_string}"},"query-input":{"@type":"PropertyValueSpecification","valueRequired":true,"valueName":"search_term_string"}}],"inLanguage":"es"},{"@type":"Organization","@id":"https:\/\/havenhousetn.org\/#organization","name":"Casa refugio","url":"https:\/\/havenhousetn.org\/","logo":{"@type":"ImageObject","inLanguage":"es","@id":"https:\/\/havenhousetn.org\/#\/schema\/logo\/image\/","url":"https:\/\/havenhousetn.org\/wp-content\/uploads\/2020\/11\/HH-Logo-White-2@2x.png","contentUrl":"https:\/\/havenhousetn.org\/wp-content\/uploads\/2020\/11\/HH-Logo-White-2@2x.png","width":686,"height":584,"caption":"Haven House"},"image":{"@id":"https:\/\/havenhousetn.org\/#\/schema\/logo\/image\/"}}]}},"_links":{"self":[{"href":"https:\/\/havenhousetn.org\/es\/wp-json\/wp\/v2\/pages\/605","targetHints":{"allow":["GET"]}}],"collection":[{"href":"https:\/\/havenhousetn.org\/es\/wp-json\/wp\/v2\/pages"}],"about":[{"href":"https:\/\/havenhousetn.org\/es\/wp-json\/wp\/v2\/types\/page"}],"author":[{"embeddable":true,"href":"https:\/\/havenhousetn.org\/es\/wp-json\/wp\/v2\/users\/1"}],"replies":[{"embeddable":true,"href":"https:\/\/havenhousetn.org\/es\/wp-json\/wp\/v2\/comments?post=605"}],"version-history":[{"count":0,"href":"https:\/\/havenhousetn.org\/es\/wp-json\/wp\/v2\/pages\/605\/revisions"}],"wp:attachment":[{"href":"https:\/\/havenhousetn.org\/es\/wp-json\/wp\/v2\/media?parent=605"}],"curies":[{"name":"wp","href":"https:\/\/api.w.org\/{rel}","templated":true}]}}