{"id":600,"date":"2020-11-04T15:22:50","date_gmt":"2020-11-04T20:22:50","guid":{"rendered":"https:\/\/havenhouse.flywheelsites.com\/?page_id=600"},"modified":"2026-04-08T10:29:13","modified_gmt":"2026-04-08T14:29:13","slug":"employment-portal","status":"publish","type":"page","link":"https:\/\/havenhousetn.org\/es\/employment-portal\/","title":{"rendered":"Portal de empleo"},"content":{"rendered":"<h2>Haven House ofrece oportunidades profesionales para aquellos que sienten pasi\u00f3n por enfrentar la violencia dom\u00e9stica.<\/h2>\t\t\t\n\t\t\t\t<p>\u00bfTiene pasi\u00f3n por salvar y cambiar vidas? Nuestro equipo est\u00e1 dedicado a enfrentar la violencia dom\u00e9stica en nuestra comunidad y estamos buscando socios que nos acompa\u00f1en.<\/p>\n<p>Si esto le conviene, siga nuestro portal de empleo para comenzar su camino para convertirse en un defensor de las v\u00edctimas en toda nuestra comunidad.<\/p>\n\t\t\t<a href=\"tel:865-982-1087\" title=\"Llame al 865-982-1087\" target=\"_self\"   role=\"button\" aria-label=\"Llame al 865-982-1087 \">\n\t\t\t\t\t\t\tLlame al 865-982-1087 \n\t\t<\/a>\n\t\t\t<h2>Posiciones actuales<\/h2>\t\t\t\n\t\t\t\t<img decoding=\"async\" src=\"https:\/\/spcdn.shortpixel.ai\/spio\/ret_img,q_cdnize,to_webp,s_webp\/havenhousetn.org\/wp-content\/uploads\/bb-plugin\/cache\/business-free-img-square.jpg\" alt=\"business-free-img\" title=\"business-free-img\" itemprop=\"image\"\/>\n\t\t\t<h3>Domestic Violence Advocate<\/h3><h3>(Tiempo parcial)<\/h3>\t\t\t\n\t\t\t<a href=\"https:\/\/www.indeed.com\/job\/part-time-domestic-violence-advocate-511e50ba519a92fd\" title=\"\u00a1Aplica ya!\" target=\"_blank\" rel=\"noopener\"  role=\"button\" aria-label=\"\u00a1Aplica ya!\">\n\t\t\t\t\t\t\t\u00a1Aplica ya!\n\t\t<\/a>\n\t\t\t<h2>Brindamos a las v\u00edctimas y los ni\u00f1os una variedad de servicios de apoyo.<\/h2>\t\t\t\n\t\t\t\t\t\t<h3>L\u00ednea directa las 24 horas<\/h3>\n\t\t\t<p>Siempre estamos aqu\u00ed cuando necesita ayuda. Llame al 865-982-1087<\/p>\n\t\t\t\t\t\t<h3>Refugio de emergencia<\/h3>\n\t\t\t<p>Para aquellos que huyen de una situaci\u00f3n violenta, nuestro refugio de emergencia es un refugio seguro para el espacio y la curaci\u00f3n. APRENDE M\u00c1S<\/p>\n\t\t\t\t\t\t<h3>Servicios para ni\u00f1os<\/h3>\n\t\t\t<p>Haven House ofrece servicios para ni\u00f1os afectados por la violencia dom\u00e9stica. APRENDE M\u00c1S<\/p>\n\t\t\t\t\t\t<h3>Abogac\u00eda judicial y legal<\/h3>\n\t\t\t<p>En Haven House, creemos en defender sus derechos legales contra la violencia dom\u00e9stica. APRENDE M\u00c1S<\/p>\n\t\t\t\t\t\t<h3>Grupos de apoyo<\/h3>\n\t\t\t<p>Haven House ofrece grupos de apoyo para que las v\u00edctimas de violencia dom\u00e9stica se conecten y compartan.<\/p>\n<p>No tienes que pasar por esto solo.<\/p>\n<p>APRENDE M\u00c1S<\/p>","protected":false},"excerpt":{"rendered":"<p>Haven House offers career opportunities for those who feel passionately about confronting domestic violence. Do you have a passion for saving and changing lives? Our team is dedicated to confronting domestic violence in our community, and we&#8217;re looking for partners to come alongside us. If this fits you, follow along our employment portal to get [&hellip;]<\/p>\n","protected":false},"author":1,"featured_media":0,"parent":0,"menu_order":0,"comment_status":"closed","ping_status":"closed","template":"","meta":{"site-sidebar-layout":"no-sidebar","site-content-layout":"page-builder","ast-site-content-layout":"default","site-content-style":"default","site-sidebar-style":"default","ast-global-header-display":"","ast-banner-title-visibility":"","ast-main-header-display":"","ast-hfb-above-header-display":"","ast-hfb-below-header-display":"","ast-hfb-mobile-header-display":"","site-post-title":"disabled","ast-breadcrumbs-content":"","ast-featured-img":"disabled","footer-sml-layout":"","ast-disable-related-posts":"","theme-transparent-header-meta":"default","adv-header-id-meta":"","stick-header-meta":"default","header-above-stick-meta":"","header-main-stick-meta":"","header-below-stick-meta":"","astra-migrate-meta-layouts":"default","ast-page-background-enabled":"default","ast-page-background-meta":{"desktop":{"background-color":"","background-image":"","background-repeat":"repeat","background-position":"center center","background-size":"auto","background-attachment":"scroll","background-type":"","background-media":"","overlay-type":"","overlay-color":"","overlay-opacity":"","overlay-gradient":""},"tablet":{"background-color":"","background-image":"","background-repeat":"repeat","background-position":"center center","background-size":"auto","background-attachment":"scroll","background-type":"","background-media":"","overlay-type":"","overlay-color":"","overlay-opacity":"","overlay-gradient":""},"mobile":{"background-color":"","background-image":"","background-repeat":"repeat","background-position":"center center","background-size":"auto","background-attachment":"scroll","background-type":"","background-media":"","overlay-type":"","overlay-color":"","overlay-opacity":"","overlay-gradient":""}},"ast-content-background-meta":{"desktop":{"background-color":"var(--ast-global-color-5)","background-image":"","background-repeat":"repeat","background-position":"center center","background-size":"auto","background-attachment":"scroll","background-type":"","background-media":"","overlay-type":"","overlay-color":"","overlay-opacity":"","overlay-gradient":""},"tablet":{"background-color":"var(--ast-global-color-5)","background-image":"","background-repeat":"repeat","background-position":"center center","background-size":"auto","background-attachment":"scroll","background-type":"","background-media":"","overlay-type":"","overlay-color":"","overlay-opacity":"","overlay-gradient":""},"mobile":{"background-color":"var(--ast-global-color-5)","background-image":"","background-repeat":"repeat","background-position":"center center","background-size":"auto","background-attachment":"scroll","background-type":"","background-media":"","overlay-type":"","overlay-color":"","overlay-opacity":"","overlay-gradient":""}},"footnotes":""},"class_list":["post-600","page","type-page","status-publish","hentry"],"yoast_head":"<!-- This site is optimized with the Yoast SEO plugin v27.4 - https:\/\/yoast.com\/product\/yoast-seo-wordpress\/ -->\n<title>Employment Portal - Haven House<\/title>\n<meta name=\"robots\" content=\"index, follow, max-snippet:-1, max-image-preview:large, max-video-preview:-1\" \/>\n<link rel=\"canonical\" href=\"https:\/\/havenhousetn.org\/es\/employment-portal\/\" \/>\n<meta property=\"og:locale\" content=\"es_MX\" \/>\n<meta property=\"og:type\" content=\"article\" \/>\n<meta property=\"og:title\" content=\"Employment Portal - Haven House\" \/>\n<meta property=\"og:description\" content=\"Haven House offers career opportunities for those who feel passionately about confronting domestic violence. Do you have a passion for saving and changing lives? Our team is dedicated to confronting domestic violence in our community, and we&#8217;re looking for partners to come alongside us. If this fits you, follow along our employment portal to get [&hellip;]\" \/>\n<meta property=\"og:url\" content=\"https:\/\/havenhousetn.org\/es\/employment-portal\/\" \/>\n<meta property=\"og:site_name\" content=\"Haven House\" \/>\n<meta property=\"article:modified_time\" content=\"2026-04-08T14:29:13+00:00\" \/>\n<meta property=\"og:image\" content=\"https:\/\/havenhousetn.org\/wp-content\/uploads\/bb-plugin\/cache\/business-free-img-square.jpg\" \/>\n<meta name=\"twitter:card\" content=\"summary_large_image\" \/>\n<meta name=\"twitter:label1\" content=\"Tiempo de lectura\" \/>\n\t<meta name=\"twitter:data1\" content=\"2 minutos\" \/>\n<script type=\"application\/ld+json\" class=\"yoast-schema-graph\">{\"@context\":\"https:\\\/\\\/schema.org\",\"@graph\":[{\"@type\":\"WebPage\",\"@id\":\"https:\\\/\\\/havenhousetn.org\\\/employment-portal\\\/\",\"url\":\"https:\\\/\\\/havenhousetn.org\\\/employment-portal\\\/\",\"name\":\"Employment Portal - Haven House\",\"isPartOf\":{\"@id\":\"https:\\\/\\\/havenhousetn.org\\\/#website\"},\"primaryImageOfPage\":{\"@id\":\"https:\\\/\\\/havenhousetn.org\\\/employment-portal\\\/#primaryimage\"},\"image\":{\"@id\":\"https:\\\/\\\/havenhousetn.org\\\/employment-portal\\\/#primaryimage\"},\"thumbnailUrl\":\"https:\\\/\\\/havenhousetn.org\\\/wp-content\\\/uploads\\\/bb-plugin\\\/cache\\\/business-free-img-square.jpg\",\"datePublished\":\"2020-11-04T20:22:50+00:00\",\"dateModified\":\"2026-04-08T14:29:13+00:00\",\"breadcrumb\":{\"@id\":\"https:\\\/\\\/havenhousetn.org\\\/employment-portal\\\/#breadcrumb\"},\"inLanguage\":\"es\",\"potentialAction\":[{\"@type\":\"ReadAction\",\"target\":[\"https:\\\/\\\/havenhousetn.org\\\/employment-portal\\\/\"]}]},{\"@type\":\"ImageObject\",\"inLanguage\":\"es\",\"@id\":\"https:\\\/\\\/havenhousetn.org\\\/employment-portal\\\/#primaryimage\",\"url\":\"https:\\\/\\\/havenhousetn.org\\\/wp-content\\\/uploads\\\/bb-plugin\\\/cache\\\/business-free-img-square.jpg\",\"contentUrl\":\"https:\\\/\\\/havenhousetn.org\\\/wp-content\\\/uploads\\\/bb-plugin\\\/cache\\\/business-free-img-square.jpg\"},{\"@type\":\"BreadcrumbList\",\"@id\":\"https:\\\/\\\/havenhousetn.org\\\/employment-portal\\\/#breadcrumb\",\"itemListElement\":[{\"@type\":\"ListItem\",\"position\":1,\"name\":\"Home\",\"item\":\"https:\\\/\\\/havenhousetn.org\\\/\"},{\"@type\":\"ListItem\",\"position\":2,\"name\":\"Employment Portal\"}]},{\"@type\":\"WebSite\",\"@id\":\"https:\\\/\\\/havenhousetn.org\\\/#website\",\"url\":\"https:\\\/\\\/havenhousetn.org\\\/\",\"name\":\"Haven House\",\"description\":\"\",\"publisher\":{\"@id\":\"https:\\\/\\\/havenhousetn.org\\\/#organization\"},\"potentialAction\":[{\"@type\":\"SearchAction\",\"target\":{\"@type\":\"EntryPoint\",\"urlTemplate\":\"https:\\\/\\\/havenhousetn.org\\\/?s={search_term_string}\"},\"query-input\":{\"@type\":\"PropertyValueSpecification\",\"valueRequired\":true,\"valueName\":\"search_term_string\"}}],\"inLanguage\":\"es\"},{\"@type\":\"Organization\",\"@id\":\"https:\\\/\\\/havenhousetn.org\\\/#organization\",\"name\":\"Haven House\",\"url\":\"https:\\\/\\\/havenhousetn.org\\\/\",\"logo\":{\"@type\":\"ImageObject\",\"inLanguage\":\"es\",\"@id\":\"https:\\\/\\\/havenhousetn.org\\\/#\\\/schema\\\/logo\\\/image\\\/\",\"url\":\"https:\\\/\\\/havenhousetn.org\\\/wp-content\\\/uploads\\\/2020\\\/11\\\/HH-Logo-White-2@2x.png\",\"contentUrl\":\"https:\\\/\\\/havenhousetn.org\\\/wp-content\\\/uploads\\\/2020\\\/11\\\/HH-Logo-White-2@2x.png\",\"width\":686,\"height\":584,\"caption\":\"Haven House\"},\"image\":{\"@id\":\"https:\\\/\\\/havenhousetn.org\\\/#\\\/schema\\\/logo\\\/image\\\/\"}}]}<\/script>\n<!-- \/ Yoast SEO plugin. -->","yoast_head_json":{"title":"Employment Portal - Haven House","robots":{"index":"index","follow":"follow","max-snippet":"max-snippet:-1","max-image-preview":"max-image-preview:large","max-video-preview":"max-video-preview:-1"},"canonical":"https:\/\/havenhousetn.org\/es\/employment-portal\/","og_locale":"es_MX","og_type":"article","og_title":"Employment Portal - Haven House","og_description":"Haven House offers career opportunities for those who feel passionately about confronting domestic violence. Do you have a passion for saving and changing lives? Our team is dedicated to confronting domestic violence in our community, and we&#8217;re looking for partners to come alongside us. If this fits you, follow along our employment portal to get [&hellip;]","og_url":"https:\/\/havenhousetn.org\/es\/employment-portal\/","og_site_name":"Haven House","article_modified_time":"2026-04-08T14:29:13+00:00","og_image":[{"url":"https:\/\/havenhousetn.org\/wp-content\/uploads\/bb-plugin\/cache\/business-free-img-square.jpg","type":"","width":"","height":""}],"twitter_card":"summary_large_image","twitter_misc":{"Tiempo de lectura":"2 minutos"},"schema":{"@context":"https:\/\/schema.org","@graph":[{"@type":"WebPage","@id":"https:\/\/havenhousetn.org\/employment-portal\/","url":"https:\/\/havenhousetn.org\/employment-portal\/","name":"Employment Portal - Haven House","isPartOf":{"@id":"https:\/\/havenhousetn.org\/#website"},"primaryImageOfPage":{"@id":"https:\/\/havenhousetn.org\/employment-portal\/#primaryimage"},"image":{"@id":"https:\/\/havenhousetn.org\/employment-portal\/#primaryimage"},"thumbnailUrl":"https:\/\/havenhousetn.org\/wp-content\/uploads\/bb-plugin\/cache\/business-free-img-square.jpg","datePublished":"2020-11-04T20:22:50+00:00","dateModified":"2026-04-08T14:29:13+00:00","breadcrumb":{"@id":"https:\/\/havenhousetn.org\/employment-portal\/#breadcrumb"},"inLanguage":"es","potentialAction":[{"@type":"ReadAction","target":["https:\/\/havenhousetn.org\/employment-portal\/"]}]},{"@type":"ImageObject","inLanguage":"es","@id":"https:\/\/havenhousetn.org\/employment-portal\/#primaryimage","url":"https:\/\/havenhousetn.org\/wp-content\/uploads\/bb-plugin\/cache\/business-free-img-square.jpg","contentUrl":"https:\/\/havenhousetn.org\/wp-content\/uploads\/bb-plugin\/cache\/business-free-img-square.jpg"},{"@type":"BreadcrumbList","@id":"https:\/\/havenhousetn.org\/employment-portal\/#breadcrumb","itemListElement":[{"@type":"ListItem","position":1,"name":"Home","item":"https:\/\/havenhousetn.org\/"},{"@type":"ListItem","position":2,"name":"Employment Portal"}]},{"@type":"WebSite","@id":"https:\/\/havenhousetn.org\/#website","url":"https:\/\/havenhousetn.org\/","name":"Casa refugio","description":"","publisher":{"@id":"https:\/\/havenhousetn.org\/#organization"},"potentialAction":[{"@type":"SearchAction","target":{"@type":"EntryPoint","urlTemplate":"https:\/\/havenhousetn.org\/?s={search_term_string}"},"query-input":{"@type":"PropertyValueSpecification","valueRequired":true,"valueName":"search_term_string"}}],"inLanguage":"es"},{"@type":"Organization","@id":"https:\/\/havenhousetn.org\/#organization","name":"Casa refugio","url":"https:\/\/havenhousetn.org\/","logo":{"@type":"ImageObject","inLanguage":"es","@id":"https:\/\/havenhousetn.org\/#\/schema\/logo\/image\/","url":"https:\/\/havenhousetn.org\/wp-content\/uploads\/2020\/11\/HH-Logo-White-2@2x.png","contentUrl":"https:\/\/havenhousetn.org\/wp-content\/uploads\/2020\/11\/HH-Logo-White-2@2x.png","width":686,"height":584,"caption":"Haven House"},"image":{"@id":"https:\/\/havenhousetn.org\/#\/schema\/logo\/image\/"}}]}},"_links":{"self":[{"href":"https:\/\/havenhousetn.org\/es\/wp-json\/wp\/v2\/pages\/600","targetHints":{"allow":["GET"]}}],"collection":[{"href":"https:\/\/havenhousetn.org\/es\/wp-json\/wp\/v2\/pages"}],"about":[{"href":"https:\/\/havenhousetn.org\/es\/wp-json\/wp\/v2\/types\/page"}],"author":[{"embeddable":true,"href":"https:\/\/havenhousetn.org\/es\/wp-json\/wp\/v2\/users\/1"}],"replies":[{"embeddable":true,"href":"https:\/\/havenhousetn.org\/es\/wp-json\/wp\/v2\/comments?post=600"}],"version-history":[{"count":0,"href":"https:\/\/havenhousetn.org\/es\/wp-json\/wp\/v2\/pages\/600\/revisions"}],"wp:attachment":[{"href":"https:\/\/havenhousetn.org\/es\/wp-json\/wp\/v2\/media?parent=600"}],"curies":[{"name":"wp","href":"https:\/\/api.w.org\/{rel}","templated":true}]}}