{"id":585,"date":"2020-11-04T13:43:32","date_gmt":"2020-11-04T18:43:32","guid":{"rendered":"https:\/\/havenhouse.flywheelsites.com\/?page_id=585"},"modified":"2020-11-04T13:45:07","modified_gmt":"2020-11-04T18:45:07","slug":"finding-and-offering-support","status":"publish","type":"page","link":"https:\/\/havenhousetn.org\/es\/finding-and-offering-support\/","title":{"rendered":"Encontrar y ofrecer apoyo"},"content":{"rendered":"<h2>Las v\u00edctimas de violencia dom\u00e9stica necesitan el apoyo de familiares amorosos, amigos y l\u00edderes comunitarios.<\/h2>\t\t\t\n\t\t\t\t<p>Las v\u00edctimas de violencia dom\u00e9stica necesitan el apoyo de familiares amorosos, amigos, vecinos y l\u00edderes comunitarios. Si alguien que conoce es v\u00edctima de abuso, es importante mostrar empat\u00eda, expresar preocupaciones y escuchar y validar sus experiencias. Trabajen juntos para crear un plan de seguridad y con\u00e9ctese con recursos que defender\u00e1n a la v\u00edctima.<\/p>\n<p>Es importante nunca avergonzar a las v\u00edctimas ni culparlas por el abuso. El abusador es el problema en los casos de violencia dom\u00e9stica, no la v\u00edctima. En su lugar, brinde declaraciones emp\u00e1ticas como:<\/p>\n<p>\u2022 Me preocupa tu seguridad<\/p>\n<p>\u2022 Nadie merece ser abusado<\/p>\n<p>\u2022 Lamento que est\u00e9s experimentando esto<\/p>\n<p>\u2022   Te creo<\/p>\n<p>\u2022  No es tu culpa<\/p>\n\t\t\t<a href=\"tel:865-982-1087\" target=\"_self\" role=\"button\" rel=\"noopener noreferrer\">\n\t\t\t\t\t\t\tLlame al 865-982-1087 \n\t\t<\/a>\n\t\t\t<h2>Obtenga m\u00e1s informaci\u00f3n sobre la violencia dom\u00e9stica y los patrones para observar.<\/h2>\t\t\t\n\t\t\t\t\t\t<h3 tabindex=\"0\">\u00bfQu\u00e9 es la violencia dom\u00e9stica?<\/h3>\n\t\t\t<p>La violencia dom\u00e9stica es un patr\u00f3n de comportamiento utilizado por alguien para establecer y mantener el poder y el control sobre una pareja \u00edntima. Este comportamiento abusivo puede incluir abuso f\u00edsico, emocional, econ\u00f3mico o sexual.<\/p>\n<p>APRENDE M\u00c1S<\/p>\n\t\t\t\t\t\t<h3 tabindex=\"0\">Barreras para dejar una relaci\u00f3n<\/h3>\n\t\t\t<p>Hay una serie de barreras que impiden que las v\u00edctimas abandonen relaciones peligrosas y abusivas.<\/p>\n<p>APRENDE M\u00c1S<\/p>\n\t\t\t\t\t\t<h3 tabindex=\"0\">Encontrar y ofrecer apoyo<\/h3>\n\t\t\t<p>Las v\u00edctimas de violencia dom\u00e9stica necesitan el apoyo de familiares amorosos, amigos y l\u00edderes comunitarios.<\/p>\n<p>APRENDE M\u00c1S<\/p>","protected":false},"excerpt":{"rendered":"<p>Victims of domestic violence need support from loving family, friends, and community leaders. Victims of domestic violence need support from loving family, friends, neighbors, and community leaders. If someone you know is a victim of abuse, it&#8217;s important to show empathy, express concerns, and listen and validate their experiences. Work together to create a safety [&hellip;]<\/p>\n","protected":false},"author":1,"featured_media":0,"parent":0,"menu_order":0,"comment_status":"closed","ping_status":"closed","template":"","meta":{"site-sidebar-layout":"no-sidebar","site-content-layout":"page-builder","ast-site-content-layout":"default","site-content-style":"default","site-sidebar-style":"default","ast-global-header-display":"","ast-banner-title-visibility":"","ast-main-header-display":"","ast-hfb-above-header-display":"","ast-hfb-below-header-display":"","ast-hfb-mobile-header-display":"","site-post-title":"disabled","ast-breadcrumbs-content":"","ast-featured-img":"disabled","footer-sml-layout":"","ast-disable-related-posts":"","theme-transparent-header-meta":"default","adv-header-id-meta":"","stick-header-meta":"default","header-above-stick-meta":"","header-main-stick-meta":"","header-below-stick-meta":"","astra-migrate-meta-layouts":"default","ast-page-background-enabled":"default","ast-page-background-meta":{"desktop":{"background-color":"","background-image":"","background-repeat":"repeat","background-position":"center center","background-size":"auto","background-attachment":"scroll","background-type":"","background-media":"","overlay-type":"","overlay-color":"","overlay-opacity":"","overlay-gradient":""},"tablet":{"background-color":"","background-image":"","background-repeat":"repeat","background-position":"center center","background-size":"auto","background-attachment":"scroll","background-type":"","background-media":"","overlay-type":"","overlay-color":"","overlay-opacity":"","overlay-gradient":""},"mobile":{"background-color":"","background-image":"","background-repeat":"repeat","background-position":"center center","background-size":"auto","background-attachment":"scroll","background-type":"","background-media":"","overlay-type":"","overlay-color":"","overlay-opacity":"","overlay-gradient":""}},"ast-content-background-meta":{"desktop":{"background-color":"var(--ast-global-color-5)","background-image":"","background-repeat":"repeat","background-position":"center center","background-size":"auto","background-attachment":"scroll","background-type":"","background-media":"","overlay-type":"","overlay-color":"","overlay-opacity":"","overlay-gradient":""},"tablet":{"background-color":"var(--ast-global-color-5)","background-image":"","background-repeat":"repeat","background-position":"center center","background-size":"auto","background-attachment":"scroll","background-type":"","background-media":"","overlay-type":"","overlay-color":"","overlay-opacity":"","overlay-gradient":""},"mobile":{"background-color":"var(--ast-global-color-5)","background-image":"","background-repeat":"repeat","background-position":"center center","background-size":"auto","background-attachment":"scroll","background-type":"","background-media":"","overlay-type":"","overlay-color":"","overlay-opacity":"","overlay-gradient":""}},"footnotes":""},"class_list":["post-585","page","type-page","status-publish","hentry"],"yoast_head":"<!-- This site is optimized with the Yoast SEO plugin v27.3 - https:\/\/yoast.com\/product\/yoast-seo-wordpress\/ -->\n<title>Finding and offering support - Haven House<\/title>\n<meta name=\"robots\" content=\"index, follow, max-snippet:-1, max-image-preview:large, max-video-preview:-1\" \/>\n<link rel=\"canonical\" href=\"https:\/\/havenhousetn.org\/es\/finding-and-offering-support\/\" \/>\n<meta property=\"og:locale\" content=\"es_MX\" \/>\n<meta property=\"og:type\" content=\"article\" \/>\n<meta property=\"og:title\" content=\"Finding and offering support - Haven House\" \/>\n<meta property=\"og:description\" content=\"Victims of domestic violence need support from loving family, friends, and community leaders. Victims of domestic violence need support from loving family, friends, neighbors, and community leaders. If someone you know is a victim of abuse, it&#8217;s important to show empathy, express concerns, and listen and validate their experiences. Work together to create a safety [&hellip;]\" \/>\n<meta property=\"og:url\" content=\"https:\/\/havenhousetn.org\/es\/finding-and-offering-support\/\" \/>\n<meta property=\"og:site_name\" content=\"Haven House\" \/>\n<meta property=\"article:modified_time\" content=\"2020-11-04T18:45:07+00:00\" \/>\n<meta name=\"twitter:card\" content=\"summary_large_image\" \/>\n<meta name=\"twitter:label1\" content=\"Tiempo de lectura\" \/>\n\t<meta name=\"twitter:data1\" content=\"1 minuto\" \/>\n<script type=\"application\/ld+json\" class=\"yoast-schema-graph\">{\"@context\":\"https:\\\/\\\/schema.org\",\"@graph\":[{\"@type\":\"WebPage\",\"@id\":\"https:\\\/\\\/havenhousetn.org\\\/finding-and-offering-support\\\/\",\"url\":\"https:\\\/\\\/havenhousetn.org\\\/finding-and-offering-support\\\/\",\"name\":\"Finding and offering support - Haven House\",\"isPartOf\":{\"@id\":\"https:\\\/\\\/havenhousetn.org\\\/#website\"},\"datePublished\":\"2020-11-04T18:43:32+00:00\",\"dateModified\":\"2020-11-04T18:45:07+00:00\",\"breadcrumb\":{\"@id\":\"https:\\\/\\\/havenhousetn.org\\\/finding-and-offering-support\\\/#breadcrumb\"},\"inLanguage\":\"es\",\"potentialAction\":[{\"@type\":\"ReadAction\",\"target\":[\"https:\\\/\\\/havenhousetn.org\\\/finding-and-offering-support\\\/\"]}]},{\"@type\":\"BreadcrumbList\",\"@id\":\"https:\\\/\\\/havenhousetn.org\\\/finding-and-offering-support\\\/#breadcrumb\",\"itemListElement\":[{\"@type\":\"ListItem\",\"position\":1,\"name\":\"Home\",\"item\":\"https:\\\/\\\/havenhousetn.org\\\/\"},{\"@type\":\"ListItem\",\"position\":2,\"name\":\"Finding and offering support\"}]},{\"@type\":\"WebSite\",\"@id\":\"https:\\\/\\\/havenhousetn.org\\\/#website\",\"url\":\"https:\\\/\\\/havenhousetn.org\\\/\",\"name\":\"Haven House\",\"description\":\"\",\"publisher\":{\"@id\":\"https:\\\/\\\/havenhousetn.org\\\/#organization\"},\"potentialAction\":[{\"@type\":\"SearchAction\",\"target\":{\"@type\":\"EntryPoint\",\"urlTemplate\":\"https:\\\/\\\/havenhousetn.org\\\/?s={search_term_string}\"},\"query-input\":{\"@type\":\"PropertyValueSpecification\",\"valueRequired\":true,\"valueName\":\"search_term_string\"}}],\"inLanguage\":\"es\"},{\"@type\":\"Organization\",\"@id\":\"https:\\\/\\\/havenhousetn.org\\\/#organization\",\"name\":\"Haven House\",\"url\":\"https:\\\/\\\/havenhousetn.org\\\/\",\"logo\":{\"@type\":\"ImageObject\",\"inLanguage\":\"es\",\"@id\":\"https:\\\/\\\/havenhousetn.org\\\/#\\\/schema\\\/logo\\\/image\\\/\",\"url\":\"https:\\\/\\\/havenhousetn.org\\\/wp-content\\\/uploads\\\/2020\\\/11\\\/HH-Logo-White-2@2x.png\",\"contentUrl\":\"https:\\\/\\\/havenhousetn.org\\\/wp-content\\\/uploads\\\/2020\\\/11\\\/HH-Logo-White-2@2x.png\",\"width\":686,\"height\":584,\"caption\":\"Haven House\"},\"image\":{\"@id\":\"https:\\\/\\\/havenhousetn.org\\\/#\\\/schema\\\/logo\\\/image\\\/\"}}]}<\/script>\n<!-- \/ Yoast SEO plugin. -->","yoast_head_json":{"title":"Finding and offering support - Haven House","robots":{"index":"index","follow":"follow","max-snippet":"max-snippet:-1","max-image-preview":"max-image-preview:large","max-video-preview":"max-video-preview:-1"},"canonical":"https:\/\/havenhousetn.org\/es\/finding-and-offering-support\/","og_locale":"es_MX","og_type":"article","og_title":"Finding and offering support - Haven House","og_description":"Victims of domestic violence need support from loving family, friends, and community leaders. Victims of domestic violence need support from loving family, friends, neighbors, and community leaders. If someone you know is a victim of abuse, it&#8217;s important to show empathy, express concerns, and listen and validate their experiences. Work together to create a safety [&hellip;]","og_url":"https:\/\/havenhousetn.org\/es\/finding-and-offering-support\/","og_site_name":"Haven House","article_modified_time":"2020-11-04T18:45:07+00:00","twitter_card":"summary_large_image","twitter_misc":{"Tiempo de lectura":"1 minuto"},"schema":{"@context":"https:\/\/schema.org","@graph":[{"@type":"WebPage","@id":"https:\/\/havenhousetn.org\/finding-and-offering-support\/","url":"https:\/\/havenhousetn.org\/finding-and-offering-support\/","name":"Finding and offering support - Haven House","isPartOf":{"@id":"https:\/\/havenhousetn.org\/#website"},"datePublished":"2020-11-04T18:43:32+00:00","dateModified":"2020-11-04T18:45:07+00:00","breadcrumb":{"@id":"https:\/\/havenhousetn.org\/finding-and-offering-support\/#breadcrumb"},"inLanguage":"es","potentialAction":[{"@type":"ReadAction","target":["https:\/\/havenhousetn.org\/finding-and-offering-support\/"]}]},{"@type":"BreadcrumbList","@id":"https:\/\/havenhousetn.org\/finding-and-offering-support\/#breadcrumb","itemListElement":[{"@type":"ListItem","position":1,"name":"Home","item":"https:\/\/havenhousetn.org\/"},{"@type":"ListItem","position":2,"name":"Finding and offering support"}]},{"@type":"WebSite","@id":"https:\/\/havenhousetn.org\/#website","url":"https:\/\/havenhousetn.org\/","name":"Casa refugio","description":"","publisher":{"@id":"https:\/\/havenhousetn.org\/#organization"},"potentialAction":[{"@type":"SearchAction","target":{"@type":"EntryPoint","urlTemplate":"https:\/\/havenhousetn.org\/?s={search_term_string}"},"query-input":{"@type":"PropertyValueSpecification","valueRequired":true,"valueName":"search_term_string"}}],"inLanguage":"es"},{"@type":"Organization","@id":"https:\/\/havenhousetn.org\/#organization","name":"Casa refugio","url":"https:\/\/havenhousetn.org\/","logo":{"@type":"ImageObject","inLanguage":"es","@id":"https:\/\/havenhousetn.org\/#\/schema\/logo\/image\/","url":"https:\/\/havenhousetn.org\/wp-content\/uploads\/2020\/11\/HH-Logo-White-2@2x.png","contentUrl":"https:\/\/havenhousetn.org\/wp-content\/uploads\/2020\/11\/HH-Logo-White-2@2x.png","width":686,"height":584,"caption":"Haven House"},"image":{"@id":"https:\/\/havenhousetn.org\/#\/schema\/logo\/image\/"}}]}},"_links":{"self":[{"href":"https:\/\/havenhousetn.org\/es\/wp-json\/wp\/v2\/pages\/585","targetHints":{"allow":["GET"]}}],"collection":[{"href":"https:\/\/havenhousetn.org\/es\/wp-json\/wp\/v2\/pages"}],"about":[{"href":"https:\/\/havenhousetn.org\/es\/wp-json\/wp\/v2\/types\/page"}],"author":[{"embeddable":true,"href":"https:\/\/havenhousetn.org\/es\/wp-json\/wp\/v2\/users\/1"}],"replies":[{"embeddable":true,"href":"https:\/\/havenhousetn.org\/es\/wp-json\/wp\/v2\/comments?post=585"}],"version-history":[{"count":0,"href":"https:\/\/havenhousetn.org\/es\/wp-json\/wp\/v2\/pages\/585\/revisions"}],"wp:attachment":[{"href":"https:\/\/havenhousetn.org\/es\/wp-json\/wp\/v2\/media?parent=585"}],"curies":[{"name":"wp","href":"https:\/\/api.w.org\/{rel}","templated":true}]}}