{"id":582,"date":"2020-11-04T13:40:20","date_gmt":"2020-11-04T18:40:20","guid":{"rendered":"https:\/\/havenhouse.flywheelsites.com\/?page_id=582"},"modified":"2020-11-04T13:43:05","modified_gmt":"2020-11-04T18:43:05","slug":"barriers-to-leaving-a-relationship","status":"publish","type":"page","link":"https:\/\/havenhousetn.org\/es\/barriers-to-leaving-a-relationship\/","title":{"rendered":"Barreras para dejar una relaci\u00f3n"},"content":{"rendered":"<h2>Hay una serie de barreras que impiden que las v\u00edctimas abandonen relaciones peligrosas y abusivas.<\/h2>\t\t\t\n\t\t\t\t<p>Para muchas v\u00edctimas, se encuentran en la posici\u00f3n m\u00e1s peligrosa y vulnerable cuando termina una relaci\u00f3n abusiva. Las acciones de un abusador pueden intensificarse debido a la p\u00e9rdida de control, lo que lleva a acecho, acoso, amenazas e intentos de controlar a la v\u00edctima despu\u00e9s de su fuga. Las expectativas sociales, el miedo a la escalada de violencia, la culpa a s\u00ed mismas, la religi\u00f3n y la falta de apoyo financiero o emocional pueden crear barreras para que las v\u00edctimas abandonen situaciones de abuso.<\/p>\n<p>Si esto refleja su situaci\u00f3n, sepa que no est\u00e1 solo y que no ha hecho nada malo. Poner fin a una relaci\u00f3n abusiva no es una cuesti\u00f3n de que la v\u00edctima elija irse. M\u00e1s bien, se trata de que la v\u00edctima pueda escapar de manera segura de su abusador y \/ o que el abusador sea responsabilizado por la polic\u00eda y los tribunales por sus acciones.<\/p>\n<p>\u2022 Seguridad tecnol\u00f3gica<\/p>\n<p>La simple b\u00fasqueda de recursos en l\u00ednea puede ser un riesgo para muchas v\u00edctimas, por lo que es importante saber c\u00f3mo mantenerse a salvo. Si cree que su actividad en l\u00ednea est\u00e1 siendo monitoreada, es muy probable que lo est\u00e9. No es posible eliminar o borrar toda la actividad y puede ser peligroso usar una computadora o eliminar su historial de navegaci\u00f3n si no es su actividad habitual. Si es posible, use una computadora segura (como en una biblioteca p\u00fablica) para crear un plan de escape, busque un apartamento, compre boletos de autob\u00fas o avi\u00f3n, o pida ayuda.<\/p>\n<p>Adem\u00e1s, sepa que usar el correo electr\u00f3nico o los mensajes de texto no es un m\u00e9todo seguro para hablar con alguien sobre el peligro o el abuso en su vida. Llame a una l\u00ednea directa si puede para hablar con alguien directamente.<\/p>\n\t\t\t<a href=\"tel:865-982-1087\" target=\"_self\" role=\"button\" rel=\"noopener noreferrer\">\n\t\t\t\t\t\t\tLlame al 865-982-1087 \n\t\t<\/a>\n\t\t\t<h2>Obtenga m\u00e1s informaci\u00f3n sobre la violencia dom\u00e9stica y los patrones para observar.<\/h2>\t\t\t\n\t\t\t\t\t\t<h3 tabindex=\"0\">\u00bfQu\u00e9 es la violencia dom\u00e9stica?<\/h3>\n\t\t\t<p>La violencia dom\u00e9stica es un patr\u00f3n de comportamiento utilizado por alguien para establecer y mantener el poder y el control sobre una pareja \u00edntima. Este comportamiento abusivo puede incluir abuso f\u00edsico, emocional, econ\u00f3mico o sexual.<\/p>\n<p>APRENDE M\u00c1S<\/p>\n\t\t\t\t\t\t<h3 tabindex=\"0\">Barreras para dejar una relaci\u00f3n<\/h3>\n\t\t\t<p>Hay una serie de barreras que impiden que las v\u00edctimas abandonen relaciones peligrosas y abusivas.<\/p>\n<p>APRENDE M\u00c1S<\/p>\n\t\t\t\t\t\t<h3 tabindex=\"0\">Encontrar y ofrecer apoyo<\/h3>\n\t\t\t<p>Las v\u00edctimas de violencia dom\u00e9stica necesitan el apoyo de familiares amorosos, amigos y l\u00edderes comunitarios.<\/p>\n<p>APRENDE M\u00c1S<\/p>","protected":false},"excerpt":{"rendered":"<p>There are a number of barriers preventing victims from leaving dangerous and abusive relationships. For many victims, they are in the most dangerous and vulnerable position when an abusive relationship ends. An abuser\u2019s actions may intensify due to a loss of control, leading to stalking, harassment, threats, and attempts to control the victim after their [&hellip;]<\/p>\n","protected":false},"author":1,"featured_media":0,"parent":0,"menu_order":0,"comment_status":"closed","ping_status":"closed","template":"","meta":{"site-sidebar-layout":"no-sidebar","site-content-layout":"page-builder","ast-site-content-layout":"default","site-content-style":"default","site-sidebar-style":"default","ast-global-header-display":"","ast-banner-title-visibility":"","ast-main-header-display":"","ast-hfb-above-header-display":"","ast-hfb-below-header-display":"","ast-hfb-mobile-header-display":"","site-post-title":"disabled","ast-breadcrumbs-content":"","ast-featured-img":"disabled","footer-sml-layout":"","ast-disable-related-posts":"","theme-transparent-header-meta":"default","adv-header-id-meta":"","stick-header-meta":"default","header-above-stick-meta":"","header-main-stick-meta":"","header-below-stick-meta":"","astra-migrate-meta-layouts":"default","ast-page-background-enabled":"default","ast-page-background-meta":{"desktop":{"background-color":"","background-image":"","background-repeat":"repeat","background-position":"center center","background-size":"auto","background-attachment":"scroll","background-type":"","background-media":"","overlay-type":"","overlay-color":"","overlay-opacity":"","overlay-gradient":""},"tablet":{"background-color":"","background-image":"","background-repeat":"repeat","background-position":"center center","background-size":"auto","background-attachment":"scroll","background-type":"","background-media":"","overlay-type":"","overlay-color":"","overlay-opacity":"","overlay-gradient":""},"mobile":{"background-color":"","background-image":"","background-repeat":"repeat","background-position":"center center","background-size":"auto","background-attachment":"scroll","background-type":"","background-media":"","overlay-type":"","overlay-color":"","overlay-opacity":"","overlay-gradient":""}},"ast-content-background-meta":{"desktop":{"background-color":"var(--ast-global-color-5)","background-image":"","background-repeat":"repeat","background-position":"center center","background-size":"auto","background-attachment":"scroll","background-type":"","background-media":"","overlay-type":"","overlay-color":"","overlay-opacity":"","overlay-gradient":""},"tablet":{"background-color":"var(--ast-global-color-5)","background-image":"","background-repeat":"repeat","background-position":"center center","background-size":"auto","background-attachment":"scroll","background-type":"","background-media":"","overlay-type":"","overlay-color":"","overlay-opacity":"","overlay-gradient":""},"mobile":{"background-color":"var(--ast-global-color-5)","background-image":"","background-repeat":"repeat","background-position":"center center","background-size":"auto","background-attachment":"scroll","background-type":"","background-media":"","overlay-type":"","overlay-color":"","overlay-opacity":"","overlay-gradient":""}},"footnotes":""},"class_list":["post-582","page","type-page","status-publish","hentry"],"yoast_head":"<!-- This site is optimized with the Yoast SEO plugin v27.4 - https:\/\/yoast.com\/product\/yoast-seo-wordpress\/ -->\n<title>Barriers to leaving a relationship - Haven House<\/title>\n<meta name=\"robots\" content=\"index, follow, max-snippet:-1, max-image-preview:large, max-video-preview:-1\" \/>\n<link rel=\"canonical\" href=\"https:\/\/havenhousetn.org\/es\/barriers-to-leaving-a-relationship\/\" \/>\n<meta property=\"og:locale\" content=\"es_MX\" \/>\n<meta property=\"og:type\" content=\"article\" \/>\n<meta property=\"og:title\" content=\"Barriers to leaving a relationship - Haven House\" \/>\n<meta property=\"og:description\" content=\"There are a number of barriers preventing victims from leaving dangerous and abusive relationships. For many victims, they are in the most dangerous and vulnerable position when an abusive relationship ends. An abuser\u2019s actions may intensify due to a loss of control, leading to stalking, harassment, threats, and attempts to control the victim after their [&hellip;]\" \/>\n<meta property=\"og:url\" content=\"https:\/\/havenhousetn.org\/es\/barriers-to-leaving-a-relationship\/\" \/>\n<meta property=\"og:site_name\" content=\"Haven House\" \/>\n<meta property=\"article:modified_time\" content=\"2020-11-04T18:43:05+00:00\" \/>\n<meta name=\"twitter:card\" content=\"summary_large_image\" \/>\n<meta name=\"twitter:label1\" content=\"Tiempo de lectura\" \/>\n\t<meta name=\"twitter:data1\" content=\"2 minutos\" \/>\n<script type=\"application\/ld+json\" class=\"yoast-schema-graph\">{\"@context\":\"https:\\\/\\\/schema.org\",\"@graph\":[{\"@type\":\"WebPage\",\"@id\":\"https:\\\/\\\/havenhousetn.org\\\/barriers-to-leaving-a-relationship\\\/\",\"url\":\"https:\\\/\\\/havenhousetn.org\\\/barriers-to-leaving-a-relationship\\\/\",\"name\":\"Barriers to leaving a relationship - Haven House\",\"isPartOf\":{\"@id\":\"https:\\\/\\\/havenhousetn.org\\\/#website\"},\"datePublished\":\"2020-11-04T18:40:20+00:00\",\"dateModified\":\"2020-11-04T18:43:05+00:00\",\"breadcrumb\":{\"@id\":\"https:\\\/\\\/havenhousetn.org\\\/barriers-to-leaving-a-relationship\\\/#breadcrumb\"},\"inLanguage\":\"es\",\"potentialAction\":[{\"@type\":\"ReadAction\",\"target\":[\"https:\\\/\\\/havenhousetn.org\\\/barriers-to-leaving-a-relationship\\\/\"]}]},{\"@type\":\"BreadcrumbList\",\"@id\":\"https:\\\/\\\/havenhousetn.org\\\/barriers-to-leaving-a-relationship\\\/#breadcrumb\",\"itemListElement\":[{\"@type\":\"ListItem\",\"position\":1,\"name\":\"Home\",\"item\":\"https:\\\/\\\/havenhousetn.org\\\/\"},{\"@type\":\"ListItem\",\"position\":2,\"name\":\"Barriers to leaving a relationship\"}]},{\"@type\":\"WebSite\",\"@id\":\"https:\\\/\\\/havenhousetn.org\\\/#website\",\"url\":\"https:\\\/\\\/havenhousetn.org\\\/\",\"name\":\"Haven House\",\"description\":\"\",\"publisher\":{\"@id\":\"https:\\\/\\\/havenhousetn.org\\\/#organization\"},\"potentialAction\":[{\"@type\":\"SearchAction\",\"target\":{\"@type\":\"EntryPoint\",\"urlTemplate\":\"https:\\\/\\\/havenhousetn.org\\\/?s={search_term_string}\"},\"query-input\":{\"@type\":\"PropertyValueSpecification\",\"valueRequired\":true,\"valueName\":\"search_term_string\"}}],\"inLanguage\":\"es\"},{\"@type\":\"Organization\",\"@id\":\"https:\\\/\\\/havenhousetn.org\\\/#organization\",\"name\":\"Haven House\",\"url\":\"https:\\\/\\\/havenhousetn.org\\\/\",\"logo\":{\"@type\":\"ImageObject\",\"inLanguage\":\"es\",\"@id\":\"https:\\\/\\\/havenhousetn.org\\\/#\\\/schema\\\/logo\\\/image\\\/\",\"url\":\"https:\\\/\\\/havenhousetn.org\\\/wp-content\\\/uploads\\\/2020\\\/11\\\/HH-Logo-White-2@2x.png\",\"contentUrl\":\"https:\\\/\\\/havenhousetn.org\\\/wp-content\\\/uploads\\\/2020\\\/11\\\/HH-Logo-White-2@2x.png\",\"width\":686,\"height\":584,\"caption\":\"Haven House\"},\"image\":{\"@id\":\"https:\\\/\\\/havenhousetn.org\\\/#\\\/schema\\\/logo\\\/image\\\/\"}}]}<\/script>\n<!-- \/ Yoast SEO plugin. -->","yoast_head_json":{"title":"Barriers to leaving a relationship - Haven House","robots":{"index":"index","follow":"follow","max-snippet":"max-snippet:-1","max-image-preview":"max-image-preview:large","max-video-preview":"max-video-preview:-1"},"canonical":"https:\/\/havenhousetn.org\/es\/barriers-to-leaving-a-relationship\/","og_locale":"es_MX","og_type":"article","og_title":"Barriers to leaving a relationship - Haven House","og_description":"There are a number of barriers preventing victims from leaving dangerous and abusive relationships. For many victims, they are in the most dangerous and vulnerable position when an abusive relationship ends. An abuser\u2019s actions may intensify due to a loss of control, leading to stalking, harassment, threats, and attempts to control the victim after their [&hellip;]","og_url":"https:\/\/havenhousetn.org\/es\/barriers-to-leaving-a-relationship\/","og_site_name":"Haven House","article_modified_time":"2020-11-04T18:43:05+00:00","twitter_card":"summary_large_image","twitter_misc":{"Tiempo de lectura":"2 minutos"},"schema":{"@context":"https:\/\/schema.org","@graph":[{"@type":"WebPage","@id":"https:\/\/havenhousetn.org\/barriers-to-leaving-a-relationship\/","url":"https:\/\/havenhousetn.org\/barriers-to-leaving-a-relationship\/","name":"Barriers to leaving a relationship - Haven House","isPartOf":{"@id":"https:\/\/havenhousetn.org\/#website"},"datePublished":"2020-11-04T18:40:20+00:00","dateModified":"2020-11-04T18:43:05+00:00","breadcrumb":{"@id":"https:\/\/havenhousetn.org\/barriers-to-leaving-a-relationship\/#breadcrumb"},"inLanguage":"es","potentialAction":[{"@type":"ReadAction","target":["https:\/\/havenhousetn.org\/barriers-to-leaving-a-relationship\/"]}]},{"@type":"BreadcrumbList","@id":"https:\/\/havenhousetn.org\/barriers-to-leaving-a-relationship\/#breadcrumb","itemListElement":[{"@type":"ListItem","position":1,"name":"Home","item":"https:\/\/havenhousetn.org\/"},{"@type":"ListItem","position":2,"name":"Barriers to leaving a relationship"}]},{"@type":"WebSite","@id":"https:\/\/havenhousetn.org\/#website","url":"https:\/\/havenhousetn.org\/","name":"Casa refugio","description":"","publisher":{"@id":"https:\/\/havenhousetn.org\/#organization"},"potentialAction":[{"@type":"SearchAction","target":{"@type":"EntryPoint","urlTemplate":"https:\/\/havenhousetn.org\/?s={search_term_string}"},"query-input":{"@type":"PropertyValueSpecification","valueRequired":true,"valueName":"search_term_string"}}],"inLanguage":"es"},{"@type":"Organization","@id":"https:\/\/havenhousetn.org\/#organization","name":"Casa refugio","url":"https:\/\/havenhousetn.org\/","logo":{"@type":"ImageObject","inLanguage":"es","@id":"https:\/\/havenhousetn.org\/#\/schema\/logo\/image\/","url":"https:\/\/havenhousetn.org\/wp-content\/uploads\/2020\/11\/HH-Logo-White-2@2x.png","contentUrl":"https:\/\/havenhousetn.org\/wp-content\/uploads\/2020\/11\/HH-Logo-White-2@2x.png","width":686,"height":584,"caption":"Haven House"},"image":{"@id":"https:\/\/havenhousetn.org\/#\/schema\/logo\/image\/"}}]}},"_links":{"self":[{"href":"https:\/\/havenhousetn.org\/es\/wp-json\/wp\/v2\/pages\/582","targetHints":{"allow":["GET"]}}],"collection":[{"href":"https:\/\/havenhousetn.org\/es\/wp-json\/wp\/v2\/pages"}],"about":[{"href":"https:\/\/havenhousetn.org\/es\/wp-json\/wp\/v2\/types\/page"}],"author":[{"embeddable":true,"href":"https:\/\/havenhousetn.org\/es\/wp-json\/wp\/v2\/users\/1"}],"replies":[{"embeddable":true,"href":"https:\/\/havenhousetn.org\/es\/wp-json\/wp\/v2\/comments?post=582"}],"version-history":[{"count":0,"href":"https:\/\/havenhousetn.org\/es\/wp-json\/wp\/v2\/pages\/582\/revisions"}],"wp:attachment":[{"href":"https:\/\/havenhousetn.org\/es\/wp-json\/wp\/v2\/media?parent=582"}],"curies":[{"name":"wp","href":"https:\/\/api.w.org\/{rel}","templated":true}]}}