{"id":576,"date":"2020-11-04T13:25:56","date_gmt":"2020-11-04T18:25:56","guid":{"rendered":"https:\/\/havenhouse.flywheelsites.com\/?page_id=576"},"modified":"2020-11-04T13:39:01","modified_gmt":"2020-11-04T18:39:01","slug":"what-is-domestic-violence","status":"publish","type":"page","link":"https:\/\/havenhousetn.org\/es\/what-is-domestic-violence\/","title":{"rendered":"Que es la violencia domestica"},"content":{"rendered":"<h2>La violencia dom\u00e9stica es un patr\u00f3n de comportamiento que se usa para ganar poder y control sobre otra persona a trav\u00e9s del miedo, las amenazas y la violencia.<\/h2>\t\t\t\n\t\t\t\t<p>La violencia dom\u00e9stica es un patr\u00f3n de comportamiento utilizado por alguien para establecer y mantener el poder y el control sobre una pareja \u00edntima. Este comportamiento abusivo puede incluir abuso f\u00edsico, emocional, econ\u00f3mico o sexual.<\/p>\n<p>\u2022 Se\u00f1ales de advertencia de una relaci\u00f3n abusiva.<\/p>\n<p>A continuaci\u00f3n, encontrar\u00e1 algunos ejemplos de comportamientos abusivos. Muchas veces estos comportamientos pueden ser f\u00e1cilmente ignorados o minimizados, o los abusadores pueden disculparse profusamente por sus acciones. Sin embargo, lo que puede percibirse como inofensivo puede escalar e intensificarse con el tiempo hasta convertirse en control y abuso. A continuaci\u00f3n, encontrar\u00e1 se\u00f1ales de advertencia de comportamiento abusivo.<\/p>\n<p>1. Menospreciarlo o insultarlo<br \/>2. Afirme el control sobre a d\u00f3nde va o con qui\u00e9n pasa el tiempo.<br \/>3. F\u00edsicamente abusivo<br \/>4. Te culpar por su comportamiento violento y abusivo.<br \/>5. Amenaza con llevarte a tus hijos<br \/>6. Presionarte o forzarte a tener relaciones sexuales no deseadas.<br \/>7. Utilice el miedo a trav\u00e9s de miradas o gestos para amenazarlo o intimidarlo.<br \/>8. Evita que consigas o conserves un trabajo.<br \/>9. Acusarle de hacer trampa<br \/>10. Decirte que nunca podr\u00e1n hacer nada bien.<\/p>\n<p>Cualquiera puede convertirse en v\u00edctima de violencia dom\u00e9stica, independientemente de su edad, raza, g\u00e9nero, etnia, orientaci\u00f3n sexual o situaci\u00f3n econ\u00f3mica. Si su pareja se ha involucrado en alguno de estos comportamientos abusivos, llame a nuestra l\u00ednea directa de 24 horas al 865-982-1087 para obtener ayuda inmediata y confidencial.<\/p>\n\t\t\t<a href=\"tel:865-982-1087\" target=\"_self\" role=\"button\" rel=\"noopener noreferrer\">\n\t\t\t\t\t\t\tLlame al 865-982-1087 \n\t\t<\/a>\n\t\t\t<h2>Obtenga m\u00e1s informaci\u00f3n sobre la violencia dom\u00e9stica y los patrones para observar.<\/h2>\t\t\t\n\t\t\t\t\t\t<h3 tabindex=\"0\">\u00bfQu\u00e9 es la violencia dom\u00e9stica?<\/h3>\n\t\t\t<p>La violencia dom\u00e9stica es un patr\u00f3n de comportamiento utilizado por alguien para establecer y mantener el poder y el control sobre una pareja \u00edntima. Este comportamiento abusivo puede incluir abuso f\u00edsico, emocional, econ\u00f3mico o sexual.<\/p>\n<p>APRENDE M\u00c1S<\/p>\n\t\t\t\t\t\t<h3 tabindex=\"0\">Barreras para dejar una relaci\u00f3n<\/h3>\n\t\t\t<p>Hay una serie de barreras que impiden que las v\u00edctimas abandonen relaciones peligrosas y abusivas.<\/p>\n<p>APRENDE M\u00c1S<\/p>\n\t\t\t\t\t\t<h3 tabindex=\"0\">Encontrar y ofrecer apoyo<\/h3>\n\t\t\t<p>Las v\u00edctimas de violencia dom\u00e9stica necesitan el apoyo de familiares amorosos, amigos y l\u00edderes comunitarios.<\/p>\n<p>APRENDE M\u00c1S<\/p>","protected":false},"excerpt":{"rendered":"<p>Domestic violence is a pattern of behavior used to gain power and control over another person through fear, threats, and violence. Domestic Violence is a pattern of behavior used by someone to establish and maintain power and control over an intimate partner. This abusive behavior may include physical, emotional, economic, or sexual abuse. \u2022\u00a0\u00a0\u00a0 Warning [&hellip;]<\/p>\n","protected":false},"author":1,"featured_media":0,"parent":0,"menu_order":0,"comment_status":"closed","ping_status":"closed","template":"","meta":{"site-sidebar-layout":"no-sidebar","site-content-layout":"page-builder","ast-site-content-layout":"default","site-content-style":"default","site-sidebar-style":"default","ast-global-header-display":"","ast-banner-title-visibility":"","ast-main-header-display":"","ast-hfb-above-header-display":"","ast-hfb-below-header-display":"","ast-hfb-mobile-header-display":"","site-post-title":"disabled","ast-breadcrumbs-content":"","ast-featured-img":"disabled","footer-sml-layout":"","ast-disable-related-posts":"","theme-transparent-header-meta":"default","adv-header-id-meta":"","stick-header-meta":"default","header-above-stick-meta":"","header-main-stick-meta":"","header-below-stick-meta":"","astra-migrate-meta-layouts":"default","ast-page-background-enabled":"default","ast-page-background-meta":{"desktop":{"background-color":"","background-image":"","background-repeat":"repeat","background-position":"center center","background-size":"auto","background-attachment":"scroll","background-type":"","background-media":"","overlay-type":"","overlay-color":"","overlay-opacity":"","overlay-gradient":""},"tablet":{"background-color":"","background-image":"","background-repeat":"repeat","background-position":"center center","background-size":"auto","background-attachment":"scroll","background-type":"","background-media":"","overlay-type":"","overlay-color":"","overlay-opacity":"","overlay-gradient":""},"mobile":{"background-color":"","background-image":"","background-repeat":"repeat","background-position":"center center","background-size":"auto","background-attachment":"scroll","background-type":"","background-media":"","overlay-type":"","overlay-color":"","overlay-opacity":"","overlay-gradient":""}},"ast-content-background-meta":{"desktop":{"background-color":"var(--ast-global-color-5)","background-image":"","background-repeat":"repeat","background-position":"center center","background-size":"auto","background-attachment":"scroll","background-type":"","background-media":"","overlay-type":"","overlay-color":"","overlay-opacity":"","overlay-gradient":""},"tablet":{"background-color":"var(--ast-global-color-5)","background-image":"","background-repeat":"repeat","background-position":"center center","background-size":"auto","background-attachment":"scroll","background-type":"","background-media":"","overlay-type":"","overlay-color":"","overlay-opacity":"","overlay-gradient":""},"mobile":{"background-color":"var(--ast-global-color-5)","background-image":"","background-repeat":"repeat","background-position":"center center","background-size":"auto","background-attachment":"scroll","background-type":"","background-media":"","overlay-type":"","overlay-color":"","overlay-opacity":"","overlay-gradient":""}},"footnotes":""},"class_list":["post-576","page","type-page","status-publish","hentry"],"yoast_head":"<!-- This site is optimized with the Yoast SEO plugin v27.4 - https:\/\/yoast.com\/product\/yoast-seo-wordpress\/ -->\n<title>What is domestic violence - Haven House<\/title>\n<meta name=\"robots\" content=\"index, follow, max-snippet:-1, max-image-preview:large, max-video-preview:-1\" \/>\n<link rel=\"canonical\" href=\"https:\/\/havenhousetn.org\/es\/what-is-domestic-violence\/\" \/>\n<meta property=\"og:locale\" content=\"es_MX\" \/>\n<meta property=\"og:type\" content=\"article\" \/>\n<meta property=\"og:title\" content=\"What is domestic violence - Haven House\" \/>\n<meta property=\"og:description\" content=\"Domestic violence is a pattern of behavior used to gain power and control over another person through fear, threats, and violence. Domestic Violence is a pattern of behavior used by someone to establish and maintain power and control over an intimate partner. This abusive behavior may include physical, emotional, economic, or sexual abuse. \u2022\u00a0\u00a0\u00a0 Warning [&hellip;]\" \/>\n<meta property=\"og:url\" content=\"https:\/\/havenhousetn.org\/es\/what-is-domestic-violence\/\" \/>\n<meta property=\"og:site_name\" content=\"Haven House\" \/>\n<meta property=\"article:modified_time\" content=\"2020-11-04T18:39:01+00:00\" \/>\n<meta name=\"twitter:card\" content=\"summary_large_image\" \/>\n<meta name=\"twitter:label1\" content=\"Tiempo de lectura\" \/>\n\t<meta name=\"twitter:data1\" content=\"2 minutos\" \/>\n<script type=\"application\/ld+json\" class=\"yoast-schema-graph\">{\"@context\":\"https:\\\/\\\/schema.org\",\"@graph\":[{\"@type\":\"WebPage\",\"@id\":\"https:\\\/\\\/havenhousetn.org\\\/what-is-domestic-violence\\\/\",\"url\":\"https:\\\/\\\/havenhousetn.org\\\/what-is-domestic-violence\\\/\",\"name\":\"What is domestic violence - Haven House\",\"isPartOf\":{\"@id\":\"https:\\\/\\\/havenhousetn.org\\\/#website\"},\"datePublished\":\"2020-11-04T18:25:56+00:00\",\"dateModified\":\"2020-11-04T18:39:01+00:00\",\"breadcrumb\":{\"@id\":\"https:\\\/\\\/havenhousetn.org\\\/what-is-domestic-violence\\\/#breadcrumb\"},\"inLanguage\":\"es\",\"potentialAction\":[{\"@type\":\"ReadAction\",\"target\":[\"https:\\\/\\\/havenhousetn.org\\\/what-is-domestic-violence\\\/\"]}]},{\"@type\":\"BreadcrumbList\",\"@id\":\"https:\\\/\\\/havenhousetn.org\\\/what-is-domestic-violence\\\/#breadcrumb\",\"itemListElement\":[{\"@type\":\"ListItem\",\"position\":1,\"name\":\"Home\",\"item\":\"https:\\\/\\\/havenhousetn.org\\\/\"},{\"@type\":\"ListItem\",\"position\":2,\"name\":\"What is domestic violence\"}]},{\"@type\":\"WebSite\",\"@id\":\"https:\\\/\\\/havenhousetn.org\\\/#website\",\"url\":\"https:\\\/\\\/havenhousetn.org\\\/\",\"name\":\"Haven House\",\"description\":\"\",\"publisher\":{\"@id\":\"https:\\\/\\\/havenhousetn.org\\\/#organization\"},\"potentialAction\":[{\"@type\":\"SearchAction\",\"target\":{\"@type\":\"EntryPoint\",\"urlTemplate\":\"https:\\\/\\\/havenhousetn.org\\\/?s={search_term_string}\"},\"query-input\":{\"@type\":\"PropertyValueSpecification\",\"valueRequired\":true,\"valueName\":\"search_term_string\"}}],\"inLanguage\":\"es\"},{\"@type\":\"Organization\",\"@id\":\"https:\\\/\\\/havenhousetn.org\\\/#organization\",\"name\":\"Haven House\",\"url\":\"https:\\\/\\\/havenhousetn.org\\\/\",\"logo\":{\"@type\":\"ImageObject\",\"inLanguage\":\"es\",\"@id\":\"https:\\\/\\\/havenhousetn.org\\\/#\\\/schema\\\/logo\\\/image\\\/\",\"url\":\"https:\\\/\\\/havenhousetn.org\\\/wp-content\\\/uploads\\\/2020\\\/11\\\/HH-Logo-White-2@2x.png\",\"contentUrl\":\"https:\\\/\\\/havenhousetn.org\\\/wp-content\\\/uploads\\\/2020\\\/11\\\/HH-Logo-White-2@2x.png\",\"width\":686,\"height\":584,\"caption\":\"Haven House\"},\"image\":{\"@id\":\"https:\\\/\\\/havenhousetn.org\\\/#\\\/schema\\\/logo\\\/image\\\/\"}}]}<\/script>\n<!-- \/ Yoast SEO plugin. -->","yoast_head_json":{"title":"What is domestic violence - Haven House","robots":{"index":"index","follow":"follow","max-snippet":"max-snippet:-1","max-image-preview":"max-image-preview:large","max-video-preview":"max-video-preview:-1"},"canonical":"https:\/\/havenhousetn.org\/es\/what-is-domestic-violence\/","og_locale":"es_MX","og_type":"article","og_title":"What is domestic violence - Haven House","og_description":"Domestic violence is a pattern of behavior used to gain power and control over another person through fear, threats, and violence. Domestic Violence is a pattern of behavior used by someone to establish and maintain power and control over an intimate partner. This abusive behavior may include physical, emotional, economic, or sexual abuse. \u2022\u00a0\u00a0\u00a0 Warning [&hellip;]","og_url":"https:\/\/havenhousetn.org\/es\/what-is-domestic-violence\/","og_site_name":"Haven House","article_modified_time":"2020-11-04T18:39:01+00:00","twitter_card":"summary_large_image","twitter_misc":{"Tiempo de lectura":"2 minutos"},"schema":{"@context":"https:\/\/schema.org","@graph":[{"@type":"WebPage","@id":"https:\/\/havenhousetn.org\/what-is-domestic-violence\/","url":"https:\/\/havenhousetn.org\/what-is-domestic-violence\/","name":"What is domestic violence - Haven House","isPartOf":{"@id":"https:\/\/havenhousetn.org\/#website"},"datePublished":"2020-11-04T18:25:56+00:00","dateModified":"2020-11-04T18:39:01+00:00","breadcrumb":{"@id":"https:\/\/havenhousetn.org\/what-is-domestic-violence\/#breadcrumb"},"inLanguage":"es","potentialAction":[{"@type":"ReadAction","target":["https:\/\/havenhousetn.org\/what-is-domestic-violence\/"]}]},{"@type":"BreadcrumbList","@id":"https:\/\/havenhousetn.org\/what-is-domestic-violence\/#breadcrumb","itemListElement":[{"@type":"ListItem","position":1,"name":"Home","item":"https:\/\/havenhousetn.org\/"},{"@type":"ListItem","position":2,"name":"What is domestic violence"}]},{"@type":"WebSite","@id":"https:\/\/havenhousetn.org\/#website","url":"https:\/\/havenhousetn.org\/","name":"Casa refugio","description":"","publisher":{"@id":"https:\/\/havenhousetn.org\/#organization"},"potentialAction":[{"@type":"SearchAction","target":{"@type":"EntryPoint","urlTemplate":"https:\/\/havenhousetn.org\/?s={search_term_string}"},"query-input":{"@type":"PropertyValueSpecification","valueRequired":true,"valueName":"search_term_string"}}],"inLanguage":"es"},{"@type":"Organization","@id":"https:\/\/havenhousetn.org\/#organization","name":"Casa refugio","url":"https:\/\/havenhousetn.org\/","logo":{"@type":"ImageObject","inLanguage":"es","@id":"https:\/\/havenhousetn.org\/#\/schema\/logo\/image\/","url":"https:\/\/havenhousetn.org\/wp-content\/uploads\/2020\/11\/HH-Logo-White-2@2x.png","contentUrl":"https:\/\/havenhousetn.org\/wp-content\/uploads\/2020\/11\/HH-Logo-White-2@2x.png","width":686,"height":584,"caption":"Haven House"},"image":{"@id":"https:\/\/havenhousetn.org\/#\/schema\/logo\/image\/"}}]}},"_links":{"self":[{"href":"https:\/\/havenhousetn.org\/es\/wp-json\/wp\/v2\/pages\/576","targetHints":{"allow":["GET"]}}],"collection":[{"href":"https:\/\/havenhousetn.org\/es\/wp-json\/wp\/v2\/pages"}],"about":[{"href":"https:\/\/havenhousetn.org\/es\/wp-json\/wp\/v2\/types\/page"}],"author":[{"embeddable":true,"href":"https:\/\/havenhousetn.org\/es\/wp-json\/wp\/v2\/users\/1"}],"replies":[{"embeddable":true,"href":"https:\/\/havenhousetn.org\/es\/wp-json\/wp\/v2\/comments?post=576"}],"version-history":[{"count":0,"href":"https:\/\/havenhousetn.org\/es\/wp-json\/wp\/v2\/pages\/576\/revisions"}],"wp:attachment":[{"href":"https:\/\/havenhousetn.org\/es\/wp-json\/wp\/v2\/media?parent=576"}],"curies":[{"name":"wp","href":"https:\/\/api.w.org\/{rel}","templated":true}]}}