{"id":548,"date":"2020-11-04T09:54:24","date_gmt":"2020-11-04T14:54:24","guid":{"rendered":"https:\/\/havenhouse.flywheelsites.com\/?page_id=548"},"modified":"2021-06-02T12:13:02","modified_gmt":"2021-06-02T16:13:02","slug":"emergency-shelter","status":"publish","type":"page","link":"https:\/\/havenhousetn.org\/es\/emergency-shelter\/","title":{"rendered":"Refugio de emergencia"},"content":{"rendered":"<h2>Haven House ofrece un refugio de emergencia las 24 horas.<\/h2>\t\t\t\n\t\t\t\t<p>Para aquellos que huyen de una situaci\u00f3n violenta, nuestro refugio de emergencia es un refugio seguro para el espacio y la curaci\u00f3n.<\/p>\n<p>Nuestro refugio de emergencia les brinda a las v\u00edctimas su propia habitaci\u00f3n para que puedan descansar de manera segura y c\u00f3moda, mientras que nuestros servicios de consejer\u00eda brindan la oportunidad para que las v\u00edctimas procesen su trauma. Nuestro equipo analizar\u00e1 su caso de forma individual y crear\u00e1 el plan que mejor se adapte a sus necesidades espec\u00edficas. Aprovecharemos nuestros recursos legales y de aplicaci\u00f3n de la ley en su nombre y abogaremos por sus derechos de protecci\u00f3n a trav\u00e9s de acciones como \u00f3rdenes de restricci\u00f3n y enjuiciamiento penal de su abusador.<\/p>\n<p>Tambi\u00e9n trabajaremos para que pueda comenzar su nueva vida despu\u00e9s de dejar nuestro refugio con asistencia laboral, oportunidades de educaci\u00f3n y servicios de transporte.<\/p>\n<p>\u00a0<\/p>\n\t\t\t<a href=\"tel:865-982-1087\" target=\"_self\" role=\"button\" rel=\"noopener\">\n\t\t\t\t\t\t\tLlame al 865-982-1087 \n\t\t<\/a>\n\t\t\t<h2>Brindamos a las v\u00edctimas y los ni\u00f1os una variedad de servicios de apoyo.<\/h2>\t\t\t\n\t\t\t\t\t\t<h3 tabindex=\"0\">L\u00ednea directa las 24 horas<\/h3>\n\t\t\t<p>Siempre estamos aqu\u00ed cuando necesita ayuda. Llame al 865-982-1087<\/p>\n\t\t\t\t\t\t<h3 tabindex=\"0\">Refugio de emergencia<\/h3>\n\t\t\t<p>Para aquellos que huyen de una situaci\u00f3n violenta, nuestro refugio de emergencia es un refugio seguro para el espacio y la curaci\u00f3n. APRENDE M\u00c1S<\/p>\n\t\t\t\t\t\t<h3 tabindex=\"0\">Servicios para ni\u00f1os<\/h3>\n\t\t\t<p>Haven House ofrece servicios para ni\u00f1os afectados por la violencia dom\u00e9stica. APRENDE M\u00c1S<\/p>\n\t\t\t\t\t\t<h3 tabindex=\"0\">Abogac\u00eda judicial y legal<\/h3>\n\t\t\t<p>En Haven House, creemos en defender sus derechos legales contra la violencia dom\u00e9stica. APRENDE M\u00c1S<\/p>\n\t\t\t\t\t\t<h3 tabindex=\"0\">Grupos de apoyo<\/h3>\n\t\t\t<p>Haven House ofrece grupos de apoyo para que las v\u00edctimas de violencia dom\u00e9stica se conecten y compartan.<\/p>\n<p>No tienes que pasar por esto solo.<\/p>\n<p>APRENDE M\u00c1S<\/p>","protected":false},"excerpt":{"rendered":"<p>Haven House provides a 24-hour emergency shelter For those fleeing a violent situation, our emergency shelter is a safe refuge for space and healing. Our emergency shelter provides victims with their own room so they can safely and comfortably rest while our counseling services provide the chance for victims to process their trauma. Our team [&hellip;]<\/p>\n","protected":false},"author":1,"featured_media":0,"parent":0,"menu_order":0,"comment_status":"closed","ping_status":"closed","template":"","meta":{"site-sidebar-layout":"no-sidebar","site-content-layout":"page-builder","ast-site-content-layout":"default","site-content-style":"default","site-sidebar-style":"default","ast-global-header-display":"","ast-banner-title-visibility":"","ast-main-header-display":"","ast-hfb-above-header-display":"","ast-hfb-below-header-display":"","ast-hfb-mobile-header-display":"","site-post-title":"disabled","ast-breadcrumbs-content":"","ast-featured-img":"disabled","footer-sml-layout":"","ast-disable-related-posts":"","theme-transparent-header-meta":"default","adv-header-id-meta":"","stick-header-meta":"default","header-above-stick-meta":"","header-main-stick-meta":"","header-below-stick-meta":"","astra-migrate-meta-layouts":"default","ast-page-background-enabled":"default","ast-page-background-meta":{"desktop":{"background-color":"","background-image":"","background-repeat":"repeat","background-position":"center center","background-size":"auto","background-attachment":"scroll","background-type":"","background-media":"","overlay-type":"","overlay-color":"","overlay-opacity":"","overlay-gradient":""},"tablet":{"background-color":"","background-image":"","background-repeat":"repeat","background-position":"center center","background-size":"auto","background-attachment":"scroll","background-type":"","background-media":"","overlay-type":"","overlay-color":"","overlay-opacity":"","overlay-gradient":""},"mobile":{"background-color":"","background-image":"","background-repeat":"repeat","background-position":"center center","background-size":"auto","background-attachment":"scroll","background-type":"","background-media":"","overlay-type":"","overlay-color":"","overlay-opacity":"","overlay-gradient":""}},"ast-content-background-meta":{"desktop":{"background-color":"var(--ast-global-color-5)","background-image":"","background-repeat":"repeat","background-position":"center center","background-size":"auto","background-attachment":"scroll","background-type":"","background-media":"","overlay-type":"","overlay-color":"","overlay-opacity":"","overlay-gradient":""},"tablet":{"background-color":"var(--ast-global-color-5)","background-image":"","background-repeat":"repeat","background-position":"center center","background-size":"auto","background-attachment":"scroll","background-type":"","background-media":"","overlay-type":"","overlay-color":"","overlay-opacity":"","overlay-gradient":""},"mobile":{"background-color":"var(--ast-global-color-5)","background-image":"","background-repeat":"repeat","background-position":"center center","background-size":"auto","background-attachment":"scroll","background-type":"","background-media":"","overlay-type":"","overlay-color":"","overlay-opacity":"","overlay-gradient":""}},"footnotes":""},"class_list":["post-548","page","type-page","status-publish","hentry"],"yoast_head":"<!-- This site is optimized with the Yoast SEO plugin v27.3 - https:\/\/yoast.com\/product\/yoast-seo-wordpress\/ -->\n<title>Emergency Shelter - Haven House<\/title>\n<meta name=\"robots\" content=\"index, follow, max-snippet:-1, max-image-preview:large, max-video-preview:-1\" \/>\n<link rel=\"canonical\" href=\"https:\/\/havenhousetn.org\/es\/emergency-shelter\/\" \/>\n<meta property=\"og:locale\" content=\"es_MX\" \/>\n<meta property=\"og:type\" content=\"article\" \/>\n<meta property=\"og:title\" content=\"Emergency Shelter - Haven House\" \/>\n<meta property=\"og:description\" content=\"Haven House provides a 24-hour emergency shelter For those fleeing a violent situation, our emergency shelter is a safe refuge for space and healing. Our emergency shelter provides victims with their own room so they can safely and comfortably rest while our counseling services provide the chance for victims to process their trauma. Our team [&hellip;]\" \/>\n<meta property=\"og:url\" content=\"https:\/\/havenhousetn.org\/es\/emergency-shelter\/\" \/>\n<meta property=\"og:site_name\" content=\"Haven House\" \/>\n<meta property=\"article:modified_time\" content=\"2021-06-02T16:13:02+00:00\" \/>\n<meta name=\"twitter:card\" content=\"summary_large_image\" \/>\n<meta name=\"twitter:label1\" content=\"Tiempo de lectura\" \/>\n\t<meta name=\"twitter:data1\" content=\"1 minuto\" \/>\n<script type=\"application\/ld+json\" class=\"yoast-schema-graph\">{\"@context\":\"https:\\\/\\\/schema.org\",\"@graph\":[{\"@type\":\"WebPage\",\"@id\":\"https:\\\/\\\/havenhousetn.org\\\/emergency-shelter\\\/\",\"url\":\"https:\\\/\\\/havenhousetn.org\\\/emergency-shelter\\\/\",\"name\":\"Emergency Shelter - Haven House\",\"isPartOf\":{\"@id\":\"https:\\\/\\\/havenhousetn.org\\\/#website\"},\"datePublished\":\"2020-11-04T14:54:24+00:00\",\"dateModified\":\"2021-06-02T16:13:02+00:00\",\"breadcrumb\":{\"@id\":\"https:\\\/\\\/havenhousetn.org\\\/emergency-shelter\\\/#breadcrumb\"},\"inLanguage\":\"es\",\"potentialAction\":[{\"@type\":\"ReadAction\",\"target\":[\"https:\\\/\\\/havenhousetn.org\\\/emergency-shelter\\\/\"]}]},{\"@type\":\"BreadcrumbList\",\"@id\":\"https:\\\/\\\/havenhousetn.org\\\/emergency-shelter\\\/#breadcrumb\",\"itemListElement\":[{\"@type\":\"ListItem\",\"position\":1,\"name\":\"Home\",\"item\":\"https:\\\/\\\/havenhousetn.org\\\/\"},{\"@type\":\"ListItem\",\"position\":2,\"name\":\"Emergency Shelter\"}]},{\"@type\":\"WebSite\",\"@id\":\"https:\\\/\\\/havenhousetn.org\\\/#website\",\"url\":\"https:\\\/\\\/havenhousetn.org\\\/\",\"name\":\"Haven House\",\"description\":\"\",\"publisher\":{\"@id\":\"https:\\\/\\\/havenhousetn.org\\\/#organization\"},\"potentialAction\":[{\"@type\":\"SearchAction\",\"target\":{\"@type\":\"EntryPoint\",\"urlTemplate\":\"https:\\\/\\\/havenhousetn.org\\\/?s={search_term_string}\"},\"query-input\":{\"@type\":\"PropertyValueSpecification\",\"valueRequired\":true,\"valueName\":\"search_term_string\"}}],\"inLanguage\":\"es\"},{\"@type\":\"Organization\",\"@id\":\"https:\\\/\\\/havenhousetn.org\\\/#organization\",\"name\":\"Haven House\",\"url\":\"https:\\\/\\\/havenhousetn.org\\\/\",\"logo\":{\"@type\":\"ImageObject\",\"inLanguage\":\"es\",\"@id\":\"https:\\\/\\\/havenhousetn.org\\\/#\\\/schema\\\/logo\\\/image\\\/\",\"url\":\"https:\\\/\\\/havenhousetn.org\\\/wp-content\\\/uploads\\\/2020\\\/11\\\/HH-Logo-White-2@2x.png\",\"contentUrl\":\"https:\\\/\\\/havenhousetn.org\\\/wp-content\\\/uploads\\\/2020\\\/11\\\/HH-Logo-White-2@2x.png\",\"width\":686,\"height\":584,\"caption\":\"Haven House\"},\"image\":{\"@id\":\"https:\\\/\\\/havenhousetn.org\\\/#\\\/schema\\\/logo\\\/image\\\/\"}}]}<\/script>\n<!-- \/ Yoast SEO plugin. -->","yoast_head_json":{"title":"Emergency Shelter - Haven House","robots":{"index":"index","follow":"follow","max-snippet":"max-snippet:-1","max-image-preview":"max-image-preview:large","max-video-preview":"max-video-preview:-1"},"canonical":"https:\/\/havenhousetn.org\/es\/emergency-shelter\/","og_locale":"es_MX","og_type":"article","og_title":"Emergency Shelter - Haven House","og_description":"Haven House provides a 24-hour emergency shelter For those fleeing a violent situation, our emergency shelter is a safe refuge for space and healing. Our emergency shelter provides victims with their own room so they can safely and comfortably rest while our counseling services provide the chance for victims to process their trauma. Our team [&hellip;]","og_url":"https:\/\/havenhousetn.org\/es\/emergency-shelter\/","og_site_name":"Haven House","article_modified_time":"2021-06-02T16:13:02+00:00","twitter_card":"summary_large_image","twitter_misc":{"Tiempo de lectura":"1 minuto"},"schema":{"@context":"https:\/\/schema.org","@graph":[{"@type":"WebPage","@id":"https:\/\/havenhousetn.org\/emergency-shelter\/","url":"https:\/\/havenhousetn.org\/emergency-shelter\/","name":"Emergency Shelter - Haven House","isPartOf":{"@id":"https:\/\/havenhousetn.org\/#website"},"datePublished":"2020-11-04T14:54:24+00:00","dateModified":"2021-06-02T16:13:02+00:00","breadcrumb":{"@id":"https:\/\/havenhousetn.org\/emergency-shelter\/#breadcrumb"},"inLanguage":"es","potentialAction":[{"@type":"ReadAction","target":["https:\/\/havenhousetn.org\/emergency-shelter\/"]}]},{"@type":"BreadcrumbList","@id":"https:\/\/havenhousetn.org\/emergency-shelter\/#breadcrumb","itemListElement":[{"@type":"ListItem","position":1,"name":"Home","item":"https:\/\/havenhousetn.org\/"},{"@type":"ListItem","position":2,"name":"Emergency Shelter"}]},{"@type":"WebSite","@id":"https:\/\/havenhousetn.org\/#website","url":"https:\/\/havenhousetn.org\/","name":"Casa refugio","description":"","publisher":{"@id":"https:\/\/havenhousetn.org\/#organization"},"potentialAction":[{"@type":"SearchAction","target":{"@type":"EntryPoint","urlTemplate":"https:\/\/havenhousetn.org\/?s={search_term_string}"},"query-input":{"@type":"PropertyValueSpecification","valueRequired":true,"valueName":"search_term_string"}}],"inLanguage":"es"},{"@type":"Organization","@id":"https:\/\/havenhousetn.org\/#organization","name":"Casa refugio","url":"https:\/\/havenhousetn.org\/","logo":{"@type":"ImageObject","inLanguage":"es","@id":"https:\/\/havenhousetn.org\/#\/schema\/logo\/image\/","url":"https:\/\/havenhousetn.org\/wp-content\/uploads\/2020\/11\/HH-Logo-White-2@2x.png","contentUrl":"https:\/\/havenhousetn.org\/wp-content\/uploads\/2020\/11\/HH-Logo-White-2@2x.png","width":686,"height":584,"caption":"Haven House"},"image":{"@id":"https:\/\/havenhousetn.org\/#\/schema\/logo\/image\/"}}]}},"_links":{"self":[{"href":"https:\/\/havenhousetn.org\/es\/wp-json\/wp\/v2\/pages\/548","targetHints":{"allow":["GET"]}}],"collection":[{"href":"https:\/\/havenhousetn.org\/es\/wp-json\/wp\/v2\/pages"}],"about":[{"href":"https:\/\/havenhousetn.org\/es\/wp-json\/wp\/v2\/types\/page"}],"author":[{"embeddable":true,"href":"https:\/\/havenhousetn.org\/es\/wp-json\/wp\/v2\/users\/1"}],"replies":[{"embeddable":true,"href":"https:\/\/havenhousetn.org\/es\/wp-json\/wp\/v2\/comments?post=548"}],"version-history":[{"count":0,"href":"https:\/\/havenhousetn.org\/es\/wp-json\/wp\/v2\/pages\/548\/revisions"}],"wp:attachment":[{"href":"https:\/\/havenhousetn.org\/es\/wp-json\/wp\/v2\/media?parent=548"}],"curies":[{"name":"wp","href":"https:\/\/api.w.org\/{rel}","templated":true}]}}