{"id":478,"date":"2018-05-25T11:14:40","date_gmt":"2018-05-25T11:14:40","guid":{"rendered":"https:\/\/havenhouse.flywheelsites.com\/contact-us\/"},"modified":"2026-03-25T15:41:43","modified_gmt":"2026-03-25T19:41:43","slug":"contact-us","status":"publish","type":"page","link":"https:\/\/havenhousetn.org\/es\/contact-us\/","title":{"rendered":"Cont\u00e1ctenos"},"content":{"rendered":"<h1>\n\t\t\t\tCont\u00e1ctenos\n\t\t\t<\/h1>\n<h2>\n\t\tHaven House est\u00e1 lista para servir y apoyar a las v\u00edctimas de violencia dom\u00e9stica en el condado de Blount.\n\t<\/h2>\n<h2>\n\t\tL\u00ednea directa las 24 horas\n\t<\/h2>\n\t<p>Si usted o alguien que conoce est\u00e1 en peligro, no espere para buscar ayuda. A trav\u00e9s de nuestra l\u00ednea directa las 24 horas, siempre habr\u00e1 alguien esperando para escuchar su historia y abogar por usted y su situaci\u00f3n.<\/p>\n\t\t\t<a href=\"tel:865.982.1087\" target=\"_self\" role=\"button\" aria-label=\"865.982.1087\" rel=\"noopener\">\n\t\t\t\t\t\t\t865.982.1087\n\t\t<\/a>\n<h2>\n\t\tCasa segura de emergencia\n\t<\/h2>\n\t<p>Para aquellos que huyen de una situaci\u00f3n violenta, nuestro refugio de emergencia es un refugio seguro para el espacio y la curaci\u00f3n. Cont\u00e1ctenos para ver si este recurso es adecuado para usted.<\/p>\n\t\t\t<a href=\"tel:865.982.1087\" target=\"_self\" role=\"button\" aria-label=\"865.982.1087\" rel=\"noopener\">\n\t\t\t\t\t\t\t865.982.1087\n\t\t<\/a>\n<h2>\n\t\tAbogac\u00eda judicial\n\t<\/h2>\n\t<p>Navegar por los tribunales por sus derechos es un desaf\u00edo. Estamos aqu\u00ed para acompa\u00f1arte en cada paso del camino.<\/p>\n\t\t\t<a href=\"tel:865.982.1087\" target=\"_self\" role=\"button\" aria-label=\"865.982.1087\" rel=\"noopener\">\n\t\t\t\t\t\t\t865.982.1087\n\t\t<\/a>\n<h2>\n\t\tEducaci\u00f3n comunitaria\n\t<\/h2>\n\t<p>\u00bfSu organizaci\u00f3n, iglesia o grupo necesita capacitaci\u00f3n en temas relacionados con la violencia dom\u00e9stica? Estamos aqu\u00ed para brindarle a la comunidad oportunidades educativas.<\/p>\n\t\t\t<a href=\"tel:865-983-6818\" target=\"_self\" role=\"button\" aria-label=\" 865.983.6818\" rel=\"noopener\">\n\t\t\t\t\t\t\t 865.983.6818\n\t\t<\/a>\n<h3>\n\t\tMail:  P.O. Box 134, Alcoa, TN 37701\n\t<\/h3>","protected":false},"excerpt":{"rendered":"<p>Contact Us Haven House is ready to serve and support victims of domestic violence in Blount County. 24-Hour Hotline If you or someone you know is in danger, please don&#8217;t wait to find help. Through our 24-hour hotline, there will always be someone waiting to hear your story and advocate for you and your situation. [&hellip;]<\/p>\n","protected":false},"author":1,"featured_media":0,"parent":0,"menu_order":0,"comment_status":"closed","ping_status":"closed","template":"","meta":{"site-sidebar-layout":"no-sidebar","site-content-layout":"page-builder","ast-site-content-layout":"full-width-container","site-content-style":"unboxed","site-sidebar-style":"unboxed","ast-global-header-display":"","ast-banner-title-visibility":"","ast-main-header-display":"","ast-hfb-above-header-display":"","ast-hfb-below-header-display":"","ast-hfb-mobile-header-display":"","site-post-title":"disabled","ast-breadcrumbs-content":"","ast-featured-img":"disabled","footer-sml-layout":"","ast-disable-related-posts":"","theme-transparent-header-meta":"","adv-header-id-meta":"","stick-header-meta":"default","header-above-stick-meta":"","header-main-stick-meta":"","header-below-stick-meta":"","astra-migrate-meta-layouts":"set","ast-page-background-enabled":"default","ast-page-background-meta":{"desktop":{"background-color":"","background-image":"","background-repeat":"repeat","background-position":"center center","background-size":"auto","background-attachment":"scroll","background-type":"","background-media":"","overlay-type":"","overlay-color":"","overlay-opacity":"","overlay-gradient":""},"tablet":{"background-color":"","background-image":"","background-repeat":"repeat","background-position":"center center","background-size":"auto","background-attachment":"scroll","background-type":"","background-media":"","overlay-type":"","overlay-color":"","overlay-opacity":"","overlay-gradient":""},"mobile":{"background-color":"","background-image":"","background-repeat":"repeat","background-position":"center center","background-size":"auto","background-attachment":"scroll","background-type":"","background-media":"","overlay-type":"","overlay-color":"","overlay-opacity":"","overlay-gradient":""}},"ast-content-background-meta":{"desktop":{"background-color":"var(--ast-global-color-5)","background-image":"","background-repeat":"repeat","background-position":"center center","background-size":"auto","background-attachment":"scroll","background-type":"","background-media":"","overlay-type":"","overlay-color":"","overlay-opacity":"","overlay-gradient":""},"tablet":{"background-color":"var(--ast-global-color-5)","background-image":"","background-repeat":"repeat","background-position":"center center","background-size":"auto","background-attachment":"scroll","background-type":"","background-media":"","overlay-type":"","overlay-color":"","overlay-opacity":"","overlay-gradient":""},"mobile":{"background-color":"var(--ast-global-color-5)","background-image":"","background-repeat":"repeat","background-position":"center center","background-size":"auto","background-attachment":"scroll","background-type":"","background-media":"","overlay-type":"","overlay-color":"","overlay-opacity":"","overlay-gradient":""}},"footnotes":""},"class_list":["post-478","page","type-page","status-publish","hentry"],"yoast_head":"<!-- This site is optimized with the Yoast SEO plugin v27.4 - https:\/\/yoast.com\/product\/yoast-seo-wordpress\/ -->\n<title>Contact Us - Haven House<\/title>\n<meta name=\"robots\" content=\"index, follow, max-snippet:-1, max-image-preview:large, max-video-preview:-1\" \/>\n<link rel=\"canonical\" href=\"https:\/\/havenhousetn.org\/es\/contact-us\/\" \/>\n<meta property=\"og:locale\" content=\"es_MX\" \/>\n<meta property=\"og:type\" content=\"article\" \/>\n<meta property=\"og:title\" content=\"Contact Us - Haven House\" \/>\n<meta property=\"og:description\" content=\"Contact Us Haven House is ready to serve and support victims of domestic violence in Blount County. 24-Hour Hotline If you or someone you know is in danger, please don&#8217;t wait to find help. Through our 24-hour hotline, there will always be someone waiting to hear your story and advocate for you and your situation. [&hellip;]\" \/>\n<meta property=\"og:url\" content=\"https:\/\/havenhousetn.org\/es\/contact-us\/\" \/>\n<meta property=\"og:site_name\" content=\"Haven House\" \/>\n<meta property=\"article:modified_time\" content=\"2026-03-25T19:41:43+00:00\" \/>\n<meta name=\"twitter:card\" content=\"summary_large_image\" \/>\n<meta name=\"twitter:label1\" content=\"Tiempo de lectura\" \/>\n\t<meta name=\"twitter:data1\" content=\"1 minuto\" \/>\n<script type=\"application\/ld+json\" class=\"yoast-schema-graph\">{\"@context\":\"https:\\\/\\\/schema.org\",\"@graph\":[{\"@type\":\"WebPage\",\"@id\":\"https:\\\/\\\/havenhousetn.org\\\/contact-us\\\/\",\"url\":\"https:\\\/\\\/havenhousetn.org\\\/contact-us\\\/\",\"name\":\"Contact Us - Haven House\",\"isPartOf\":{\"@id\":\"https:\\\/\\\/havenhousetn.org\\\/#website\"},\"datePublished\":\"2018-05-25T11:14:40+00:00\",\"dateModified\":\"2026-03-25T19:41:43+00:00\",\"breadcrumb\":{\"@id\":\"https:\\\/\\\/havenhousetn.org\\\/contact-us\\\/#breadcrumb\"},\"inLanguage\":\"es\",\"potentialAction\":[{\"@type\":\"ReadAction\",\"target\":[\"https:\\\/\\\/havenhousetn.org\\\/contact-us\\\/\"]}]},{\"@type\":\"BreadcrumbList\",\"@id\":\"https:\\\/\\\/havenhousetn.org\\\/contact-us\\\/#breadcrumb\",\"itemListElement\":[{\"@type\":\"ListItem\",\"position\":1,\"name\":\"Home\",\"item\":\"https:\\\/\\\/havenhousetn.org\\\/\"},{\"@type\":\"ListItem\",\"position\":2,\"name\":\"Contact Us\"}]},{\"@type\":\"WebSite\",\"@id\":\"https:\\\/\\\/havenhousetn.org\\\/#website\",\"url\":\"https:\\\/\\\/havenhousetn.org\\\/\",\"name\":\"Haven House\",\"description\":\"\",\"publisher\":{\"@id\":\"https:\\\/\\\/havenhousetn.org\\\/#organization\"},\"potentialAction\":[{\"@type\":\"SearchAction\",\"target\":{\"@type\":\"EntryPoint\",\"urlTemplate\":\"https:\\\/\\\/havenhousetn.org\\\/?s={search_term_string}\"},\"query-input\":{\"@type\":\"PropertyValueSpecification\",\"valueRequired\":true,\"valueName\":\"search_term_string\"}}],\"inLanguage\":\"es\"},{\"@type\":\"Organization\",\"@id\":\"https:\\\/\\\/havenhousetn.org\\\/#organization\",\"name\":\"Haven House\",\"url\":\"https:\\\/\\\/havenhousetn.org\\\/\",\"logo\":{\"@type\":\"ImageObject\",\"inLanguage\":\"es\",\"@id\":\"https:\\\/\\\/havenhousetn.org\\\/#\\\/schema\\\/logo\\\/image\\\/\",\"url\":\"https:\\\/\\\/havenhousetn.org\\\/wp-content\\\/uploads\\\/2020\\\/11\\\/HH-Logo-White-2@2x.png\",\"contentUrl\":\"https:\\\/\\\/havenhousetn.org\\\/wp-content\\\/uploads\\\/2020\\\/11\\\/HH-Logo-White-2@2x.png\",\"width\":686,\"height\":584,\"caption\":\"Haven House\"},\"image\":{\"@id\":\"https:\\\/\\\/havenhousetn.org\\\/#\\\/schema\\\/logo\\\/image\\\/\"}}]}<\/script>\n<!-- \/ Yoast SEO plugin. -->","yoast_head_json":{"title":"Contact Us - Haven House","robots":{"index":"index","follow":"follow","max-snippet":"max-snippet:-1","max-image-preview":"max-image-preview:large","max-video-preview":"max-video-preview:-1"},"canonical":"https:\/\/havenhousetn.org\/es\/contact-us\/","og_locale":"es_MX","og_type":"article","og_title":"Contact Us - Haven House","og_description":"Contact Us Haven House is ready to serve and support victims of domestic violence in Blount County. 24-Hour Hotline If you or someone you know is in danger, please don&#8217;t wait to find help. Through our 24-hour hotline, there will always be someone waiting to hear your story and advocate for you and your situation. [&hellip;]","og_url":"https:\/\/havenhousetn.org\/es\/contact-us\/","og_site_name":"Haven House","article_modified_time":"2026-03-25T19:41:43+00:00","twitter_card":"summary_large_image","twitter_misc":{"Tiempo de lectura":"1 minuto"},"schema":{"@context":"https:\/\/schema.org","@graph":[{"@type":"WebPage","@id":"https:\/\/havenhousetn.org\/contact-us\/","url":"https:\/\/havenhousetn.org\/contact-us\/","name":"Contact Us - Haven House","isPartOf":{"@id":"https:\/\/havenhousetn.org\/#website"},"datePublished":"2018-05-25T11:14:40+00:00","dateModified":"2026-03-25T19:41:43+00:00","breadcrumb":{"@id":"https:\/\/havenhousetn.org\/contact-us\/#breadcrumb"},"inLanguage":"es","potentialAction":[{"@type":"ReadAction","target":["https:\/\/havenhousetn.org\/contact-us\/"]}]},{"@type":"BreadcrumbList","@id":"https:\/\/havenhousetn.org\/contact-us\/#breadcrumb","itemListElement":[{"@type":"ListItem","position":1,"name":"Home","item":"https:\/\/havenhousetn.org\/"},{"@type":"ListItem","position":2,"name":"Contact Us"}]},{"@type":"WebSite","@id":"https:\/\/havenhousetn.org\/#website","url":"https:\/\/havenhousetn.org\/","name":"Casa refugio","description":"","publisher":{"@id":"https:\/\/havenhousetn.org\/#organization"},"potentialAction":[{"@type":"SearchAction","target":{"@type":"EntryPoint","urlTemplate":"https:\/\/havenhousetn.org\/?s={search_term_string}"},"query-input":{"@type":"PropertyValueSpecification","valueRequired":true,"valueName":"search_term_string"}}],"inLanguage":"es"},{"@type":"Organization","@id":"https:\/\/havenhousetn.org\/#organization","name":"Casa refugio","url":"https:\/\/havenhousetn.org\/","logo":{"@type":"ImageObject","inLanguage":"es","@id":"https:\/\/havenhousetn.org\/#\/schema\/logo\/image\/","url":"https:\/\/havenhousetn.org\/wp-content\/uploads\/2020\/11\/HH-Logo-White-2@2x.png","contentUrl":"https:\/\/havenhousetn.org\/wp-content\/uploads\/2020\/11\/HH-Logo-White-2@2x.png","width":686,"height":584,"caption":"Haven House"},"image":{"@id":"https:\/\/havenhousetn.org\/#\/schema\/logo\/image\/"}}]}},"_links":{"self":[{"href":"https:\/\/havenhousetn.org\/es\/wp-json\/wp\/v2\/pages\/478","targetHints":{"allow":["GET"]}}],"collection":[{"href":"https:\/\/havenhousetn.org\/es\/wp-json\/wp\/v2\/pages"}],"about":[{"href":"https:\/\/havenhousetn.org\/es\/wp-json\/wp\/v2\/types\/page"}],"author":[{"embeddable":true,"href":"https:\/\/havenhousetn.org\/es\/wp-json\/wp\/v2\/users\/1"}],"replies":[{"embeddable":true,"href":"https:\/\/havenhousetn.org\/es\/wp-json\/wp\/v2\/comments?post=478"}],"version-history":[{"count":0,"href":"https:\/\/havenhousetn.org\/es\/wp-json\/wp\/v2\/pages\/478\/revisions"}],"wp:attachment":[{"href":"https:\/\/havenhousetn.org\/es\/wp-json\/wp\/v2\/media?parent=478"}],"curies":[{"name":"wp","href":"https:\/\/api.w.org\/{rel}","templated":true}]}}