{"id":16,"date":"2018-05-25T11:14:31","date_gmt":"2018-05-25T15:14:31","guid":{"rendered":"https:\/\/havenhouse.flywheelsites.com\/industries\/"},"modified":"2026-02-03T10:53:41","modified_gmt":"2026-02-03T15:53:41","slug":"donate","status":"publish","type":"page","link":"https:\/\/havenhousetn.org\/es\/donate\/","title":{"rendered":"Donar"},"content":{"rendered":"<h1>Haven House depende del apoyo financiero de organizaciones, grupos e individuos.<\/h1>\t\t\t\n\t\t\t\t<p>No podemos hacer el trabajo de apoyar a las v\u00edctimas de violencia dom\u00e9stica. Sus donaciones hacen que Haven House y nuestra misi\u00f3n de apoyar y empoderar a las v\u00edctimas sean posibles, as\u00ed que considere c\u00f3mo puede unirse a nosotros mientras trabajamos hacia oportunidades de curaci\u00f3n y una nueva vida en todo el condado de Blount.<\/p>\n<p>\u00a0<\/p>\n\t\t\t<a href=\"\" title=\"Lee mas\" target=\"_self\"   role=\"button\" aria-label=\"Lee mas\">\n\t\t\t\t\t\t\tLee mas\n\t\t<\/a>\n\t\t\t<h2>Al donar, usted:<\/h2>\t\t\t\n\t<p>\u2022 Aseg\u00farese de que siempre haya alguien all\u00ed para responder a nuestra l\u00ednea directa de 24 horas.<\/p>\n<p>\u2022 Permitirnos brindar viviendas seguras y c\u00f3modas para las v\u00edctimas.<\/p>\n<p>\u2022 Facilitar que los defensores apoyen y expliquen el complejo sistema judicial.<\/p>\n<p>\u2022 Empoderar a las mujeres para que vivan una vida libre de miedo y violencia.<\/p>\n\t<p>Al hacer una donaci\u00f3n, nos permite vivir nuestra misi\u00f3n de salvar y cambiar las vidas afectadas por la violencia dom\u00e9stica a trav\u00e9s de la educaci\u00f3n, la prevenci\u00f3n y la intervenci\u00f3n.<\/p>\n\t\t\t<a href=\"https:\/\/give-usa.keela.co\/havenhousedonationform\" title=\"Done ahora\" target=\"_blank\" rel=\"noopener\"  role=\"button\" aria-label=\"Done ahora\">\n\t\t\t\t\t\t\tDone ahora\n\t\t<\/a>\n\t<h3><strong>Mailing Address<\/strong><\/h3>\n<h3>P.O. Box 134<\/h3>\n<h3>Alcoa, TN 37701<\/h3>\n\t\t\t<h2>Puedes ayudar de otras formas:<\/h2>\t\t\t\n\t\t\t<h3>Lista de deseos de Amazon<\/h3>\t\t\t\n\t\t\t\t<p>Ay\u00fadanos donando los art\u00edculos necesarios a trav\u00e9s de Amazon.<\/p>\n\t\t\t<a href=\"https:\/\/www.amazon.com\/gp\/registry\/wishlist\/2RJ7ASDN25JB6\/ref=bnav_topnav_lists_2?\" title=\"REVISAR LA LISTA\" target=\"_blank\" rel=\"noopener\"  role=\"button\" aria-label=\"REVISAR LA LISTA\">\n\t\t\t\t\t\t\tREVISAR LA LISTA\n\t\t<\/a>\n\t\t\t<h3>Kroger Community Rewards<\/h3>\t\t\t\n\t\t\t\t<p>If you shop at Kroger, support Haven House by joining their Community Rewards Program.<\/p>\n\t\t\t<a href=\"https:\/\/havenhousetn.org\/wp-content\/uploads\/2025\/03\/Kroger-Community-Rewards.png\" title=\"CONFIGURAR AHORA\" target=\"_blank\" rel=\"noopener\"  role=\"button\" aria-label=\"CONFIGURAR AHORA\">\n\t\t\t\t\t\t\tCONFIGURAR AHORA\n\t\t<\/a>\n<h5>\n\t\t\tThank You to our Sponsors!\t<\/h5>\n<figure itemscope itemtype=\"https:\/\/schema.org\/ImageObject\">\n\t\t\t\t<a href=\"https:\/\/www.denso.com\/us-ca\/en\/about-us\/company-information\/us\/dmtn\/\"  target=\"_blank\" rel=\"noopener\"  itemprop=\"url\">\n\t\t\t\t<img decoding=\"async\" src=\"https:\/\/spcdn.shortpixel.ai\/spio\/ret_img,q_cdnize,to_webp,s_webp\/havenhousetn.org\/wp-content\/uploads\/2024\/11\/Denso-Updated-Logo-resized-Copy-1.webp\" alt=\"Denso Updated Logo resized - Copy (1)\" height=\"300\" width=\"300\" title=\"Denso Updated Logo resized - Copy (1)\" onerror=\"this.style.display='none'\" loading=\"lazy\" \/>\n\t\t\t\t<\/a>\n\t<\/figure>\n<figure itemscope itemtype=\"https:\/\/schema.org\/ImageObject\">\n\t\t\t\t<a href=\"https:\/\/www.ephraiminc.com\/\"  target=\"_blank\" rel=\"noopener\"  itemprop=\"url\">\n\t\t\t\t<img decoding=\"async\" src=\"https:\/\/spcdn.shortpixel.ai\/spio\/ret_img,q_cdnize,to_webp,s_webp\/havenhousetn.org\/wp-content\/uploads\/2024\/11\/ephraim-inc_-150x150.webp\" alt=\"ephraim inc_\" height=\"150\" width=\"150\" title=\"ephraim inc_\" onerror=\"this.style.display='none'\" loading=\"lazy\" \/>\n\t\t\t\t<\/a>\n\t<\/figure>\n<figure itemscope itemtype=\"https:\/\/schema.org\/ImageObject\">\n\t\t\t\t<a href=\"https:\/\/lecontecompanies.com\/index.html\"  target=\"_blank\" rel=\"noopener\"  itemprop=\"url\">\n\t\t\t\t<img decoding=\"async\" src=\"https:\/\/spcdn.shortpixel.ai\/spio\/ret_img,q_cdnize,to_webp,s_webp\/havenhousetn.org\/wp-content\/uploads\/2024\/11\/leconte-realty-foundation-logo-2.webp\" alt=\"leconte realty foundation logo (2)\" height=\"93\" width=\"150\" title=\"leconte realty foundation logo (2)\" onerror=\"this.style.display='none'\" loading=\"lazy\" \/>\n\t\t\t\t<\/a>\n\t<\/figure>\n<figure itemscope itemtype=\"https:\/\/schema.org\/ImageObject\">\n\t\t\t\t<a href=\"https:\/\/shultspediatrics.com\/\"  target=\"_blank\" rel=\"noopener\"  itemprop=\"url\">\n\t\t\t\t<img decoding=\"async\" src=\"https:\/\/spcdn.shortpixel.ai\/spio\/ret_img,q_cdnize,to_webp,s_webp\/havenhousetn.org\/wp-content\/uploads\/2024\/11\/logo-Shults-vertical-color-1.webp\" alt=\"logo-Shults-vertical-color (1)\" height=\"194\" width=\"150\" title=\"logo-Shults-vertical-color (1)\" onerror=\"this.style.display='none'\" loading=\"lazy\" \/>\n\t\t\t\t<\/a>\n\t<\/figure>\n<figure itemscope itemtype=\"https:\/\/schema.org\/ImageObject\">\n\t\t\t\t<a href=\"https:\/\/www.bryaninsurance.com\/\"  target=\"_blank\" rel=\"noopener\"  itemprop=\"url\">\n\t\t\t\t<img decoding=\"async\" src=\"https:\/\/spcdn.shortpixel.ai\/spio\/ret_img,q_cdnize,to_webp,s_webp\/havenhousetn.org\/wp-content\/uploads\/2024\/11\/Bryan_Primary_Vertical_Color.webp\" alt=\"Bryan_Primary_Vertical_Color\" height=\"154\" width=\"300\" title=\"Bryan_Primary_Vertical_Color\" onerror=\"this.style.display='none'\" loading=\"lazy\" \/>\n\t\t\t\t<\/a>\n\t<\/figure>\n<figure itemscope itemtype=\"https:\/\/schema.org\/ImageObject\">\n\t\t\t\t<a href=\"https:\/\/www.johnsoncontrols.com\/\"  target=\"_blank\" rel=\"noopener\"  itemprop=\"url\">\n\t\t\t\t<img decoding=\"async\" src=\"https:\/\/spcdn.shortpixel.ai\/spio\/ret_img,q_cdnize,to_webp,s_webp\/havenhousetn.org\/wp-content\/uploads\/2024\/11\/Johnson-Controls-Logo.webp\" alt=\"Johnson Controls Logo\" height=\"152\" width=\"331\" title=\"Johnson Controls Logo\" onerror=\"this.style.display='none'\" loading=\"lazy\" \/>\n\t\t\t\t<\/a>\n\t<\/figure>\n<figure itemscope itemtype=\"https:\/\/schema.org\/ImageObject\">\n\t\t\t\t<a href=\"https:\/\/www.summitmedical.com\/\"  target=\"_blank\" rel=\"noopener\"  itemprop=\"url\">\n\t\t\t\t<img decoding=\"async\" src=\"https:\/\/spcdn.shortpixel.ai\/spio\/ret_img,q_cdnize,to_webp,s_webp\/havenhousetn.org\/wp-content\/uploads\/2024\/11\/summitmedicalcom_467009155-1.webp\" alt=\"summitmedicalcom_467009155 (1)\" height=\"49\" width=\"200\" title=\"summitmedicalcom_467009155 (1)\" onerror=\"this.style.display='none'\" loading=\"lazy\" \/>\n\t\t\t\t<\/a>\n\t<\/figure>\n<figure itemscope itemtype=\"https:\/\/schema.org\/ImageObject\">\n\t\t\t\t<a href=\"https:\/\/www.denso.com\/us-ca\/en\/about-us\/company-information\/us\/dmtn\/\"  target=\"_blank\" rel=\"noopener\"  itemprop=\"url\">\n\t\t\t\t<img decoding=\"async\" src=\"https:\/\/spcdn.shortpixel.ai\/spio\/ret_img,q_cdnize,to_webp,s_webp\/havenhousetn.org\/wp-content\/uploads\/2024\/11\/APEX-LOGO-FINAL.png\" alt=\"APEX LOGO FINAL\" height=\"834\" width=\"1000\" title=\"APEX LOGO FINAL\" onerror=\"this.style.display='none'\" loading=\"lazy\" \/>\n\t\t\t\t<\/a>\n\t<\/figure>\n<figure itemscope itemtype=\"https:\/\/schema.org\/ImageObject\">\n\t\t\t\t<a href=\"https:\/\/gearstaffing.com\/\"  target=\"_blank\" rel=\"noopener\"  itemprop=\"url\">\n\t\t\t\t<img decoding=\"async\" src=\"https:\/\/spcdn.shortpixel.ai\/spio\/ret_img,q_cdnize,to_webp,s_webp\/havenhousetn.org\/wp-content\/uploads\/2024\/11\/GEAR-Logo.webp\" alt=\"GEAR Logo\" height=\"98\" width=\"300\" title=\"GEAR Logo\" onerror=\"this.style.display='none'\" loading=\"lazy\" \/>\n\t\t\t\t<\/a>\n\t<\/figure>\n<figure itemscope itemtype=\"https:\/\/schema.org\/ImageObject\">\n\t\t\t\t<a href=\"https:\/\/www.denso.com\/us-ca\/en\/about-us\/company-information\/us\/dmtn\/\"  target=\"_blank\" rel=\"noopener\"  itemprop=\"url\">\n\t\t\t\t<img decoding=\"async\" src=\"https:\/\/spcdn.shortpixel.ai\/spio\/ret_img,q_cdnize,to_webp,s_webp\/havenhousetn.org\/wp-content\/uploads\/2024\/11\/arc_logo_vert_teal_pos_rgb.jpg\" alt=\"arc_logo_vert_teal_pos_rgb\" height=\"633\" width=\"629\" title=\"arc_logo_vert_teal_pos_rgb\" onerror=\"this.style.display='none'\" loading=\"lazy\" \/>\n\t\t\t\t<\/a>\n\t<\/figure>\n<figure itemscope itemtype=\"https:\/\/schema.org\/ImageObject\">\n\t\t\t\t<a href=\"https:\/\/www.atfcu.com\/\"  target=\"_blank\" rel=\"noopener\"  itemprop=\"url\">\n\t\t\t\t<img decoding=\"async\" src=\"https:\/\/spcdn.shortpixel.ai\/spio\/ret_img,q_cdnize,to_webp,s_webp\/havenhousetn.org\/wp-content\/uploads\/2024\/11\/alcoa-tenn-logo-1.webp\" alt=\"alcoa-tenn-logo (1)\" height=\"71\" width=\"300\" title=\"alcoa-tenn-logo (1)\" onerror=\"this.style.display='none'\" loading=\"lazy\" \/>\n\t\t\t\t<\/a>\n\t<\/figure>\n<figure itemscope itemtype=\"https:\/\/schema.org\/ImageObject\">\n\t\t\t\t<a href=\"https:\/\/www.atfcu.com\/\"  target=\"_blank\" rel=\"noopener\"  itemprop=\"url\">\n\t\t\t\t<img decoding=\"async\" src=\"https:\/\/spcdn.shortpixel.ai\/spio\/ret_img,q_cdnize,to_webp,s_webp\/havenhousetn.org\/wp-content\/uploads\/2024\/11\/Newell-Brands-Logo.webp\" alt=\"Newell Brands Logo\" height=\"227\" width=\"474\" title=\"Newell Brands Logo\" onerror=\"this.style.display='none'\" loading=\"lazy\" \/>\n\t\t\t\t<\/a>\n\t<\/figure>\n<figure itemscope itemtype=\"https:\/\/schema.org\/ImageObject\">\n\t\t\t\t<a href=\"https:\/\/www.bishop-construction.com\/?utm_source=google&#038;utm_medium=wix-smart-campaign&#038;utm_campaign=google-ads-campaign-2024-10-7-b9b409ed&#038;gclid=CjwKCAiA3Na5BhAZEiwAzrfagKTiSvzcYXs2V5OvikVQkAcJtKiG5sWGwukT7VhKkbvXqWqAJQkTmxoC8VkQAvD_BwE\"  target=\"_blank\" rel=\"noopener\"  itemprop=\"url\">\n\t\t\t\t<img decoding=\"async\" src=\"https:\/\/spcdn.shortpixel.ai\/spio\/ret_img,q_cdnize,to_webp,s_webp\/havenhousetn.org\/wp-content\/uploads\/2024\/11\/Bishop-Construction.webp\" alt=\"Bishop Construction\" height=\"98\" width=\"373\" title=\"Bishop Construction\" onerror=\"this.style.display='none'\" loading=\"lazy\" \/>\n\t\t\t\t<\/a>\n\t<\/figure>\n<figure itemscope itemtype=\"https:\/\/schema.org\/ImageObject\">\n\t\t\t\t<a href=\"https:\/\/www.atfcu.com\/\"  target=\"_blank\" rel=\"noopener\"  itemprop=\"url\">\n\t\t\t\t<img decoding=\"async\" src=\"https:\/\/spcdn.shortpixel.ai\/spio\/ret_img,q_cdnize,to_webp,s_webp\/havenhousetn.org\/wp-content\/uploads\/2024\/11\/Massey_Mechanical_Logos-03.png\" alt=\"Massey_Mechanical_Logos-03\" height=\"2248\" width=\"2512\" title=\"Massey_Mechanical_Logos-03\" onerror=\"this.style.display='none'\" loading=\"lazy\" \/>\n\t\t\t\t<\/a>\n\t<\/figure>\n<figure itemscope itemtype=\"https:\/\/schema.org\/ImageObject\">\n\t\t\t\t<a href=\"https:\/\/www.claytonsupercenter.com\/\"  target=\"_blank\" rel=\"noopener\"  itemprop=\"url\">\n\t\t\t\t<img decoding=\"async\" src=\"https:\/\/spcdn.shortpixel.ai\/spio\/ret_img,q_cdnize,to_webp,s_webp\/havenhousetn.org\/wp-content\/uploads\/2024\/11\/Clayton-300x110.webp\" alt=\"Clayton\" height=\"110\" width=\"300\" title=\"Clayton\" onerror=\"this.style.display='none'\" loading=\"lazy\" \/>\n\t\t\t\t<\/a>\n\t<\/figure>\n<figure itemscope itemtype=\"https:\/\/schema.org\/ImageObject\">\n\t\t\t\t<a href=\"https:\/\/www.claytonsupercenter.com\/\"  target=\"_blank\" rel=\"noopener\"  itemprop=\"url\">\n\t\t\t\t<img decoding=\"async\" src=\"https:\/\/spcdn.shortpixel.ai\/spio\/ret_img,q_cdnize,to_webp,s_webp\/havenhousetn.org\/wp-content\/uploads\/2024\/11\/ICC-International.png\" alt=\"ICC International\" height=\"1007\" width=\"1500\" title=\"ICC International\" onerror=\"this.style.display='none'\" loading=\"lazy\" \/>\n\t\t\t\t<\/a>\n\t<\/figure>\n<figure itemscope itemtype=\"https:\/\/schema.org\/ImageObject\">\n\t\t\t\t<a href=\"https:\/\/www.renasantbank.com\/\"  target=\"_blank\" rel=\"noopener\"  itemprop=\"url\">\n\t\t\t\t<img decoding=\"async\" src=\"https:\/\/spcdn.shortpixel.ai\/spio\/ret_img,q_cdnize,to_webp,s_webp\/havenhousetn.org\/wp-content\/uploads\/2024\/11\/RenasantBankLogo-FacebookShare-1.webp\" alt=\"RenasantBankLogo-FacebookShare (1)\" height=\"157\" width=\"300\" title=\"RenasantBankLogo-FacebookShare (1)\" onerror=\"this.style.display='none'\" loading=\"lazy\" \/>\n\t\t\t\t<\/a>\n\t<\/figure>\n<figure itemscope itemtype=\"https:\/\/schema.org\/ImageObject\">\n\t\t\t\t<a href=\"https:\/\/www.renasantbank.com\/\"  target=\"_blank\" rel=\"noopener\"  itemprop=\"url\">\n\t\t\t\t<img decoding=\"async\" src=\"https:\/\/spcdn.shortpixel.ai\/spio\/ret_img,q_cdnize,to_webp,s_webp\/havenhousetn.org\/wp-content\/uploads\/2024\/11\/Realty-Executives.png\" alt=\"Realty Executives\" height=\"100\" width=\"192\" title=\"Realty Executives\" onerror=\"this.style.display='none'\" loading=\"lazy\" \/>\n\t\t\t\t<\/a>\n\t<\/figure>","protected":false},"excerpt":{"rendered":"<p>Haven House depends on financial support from organizations, groups, and individuals. We can&#8217;t do the work of supporting victims of domestic violence. Your donations make Haven House and our mission of supporting and empowering victims possible, so please consider how you can join us as we work toward opportunities for healing and new life all [&hellip;]<\/p>\n","protected":false},"author":1,"featured_media":0,"parent":0,"menu_order":0,"comment_status":"closed","ping_status":"closed","template":"","meta":{"site-sidebar-layout":"no-sidebar","site-content-layout":"page-builder","ast-site-content-layout":"default","site-content-style":"default","site-sidebar-style":"default","ast-global-header-display":"","ast-banner-title-visibility":"","ast-main-header-display":"","ast-hfb-above-header-display":"","ast-hfb-below-header-display":"","ast-hfb-mobile-header-display":"","site-post-title":"disabled","ast-breadcrumbs-content":"","ast-featured-img":"disabled","footer-sml-layout":"","ast-disable-related-posts":"","theme-transparent-header-meta":"","adv-header-id-meta":"","stick-header-meta":"default","header-above-stick-meta":"","header-main-stick-meta":"","header-below-stick-meta":"","astra-migrate-meta-layouts":"default","ast-page-background-enabled":"default","ast-page-background-meta":{"desktop":{"background-color":"","background-image":"","background-repeat":"repeat","background-position":"center center","background-size":"auto","background-attachment":"scroll","background-type":"","background-media":"","overlay-type":"","overlay-color":"","overlay-opacity":"","overlay-gradient":""},"tablet":{"background-color":"","background-image":"","background-repeat":"repeat","background-position":"center center","background-size":"auto","background-attachment":"scroll","background-type":"","background-media":"","overlay-type":"","overlay-color":"","overlay-opacity":"","overlay-gradient":""},"mobile":{"background-color":"","background-image":"","background-repeat":"repeat","background-position":"center center","background-size":"auto","background-attachment":"scroll","background-type":"","background-media":"","overlay-type":"","overlay-color":"","overlay-opacity":"","overlay-gradient":""}},"ast-content-background-meta":{"desktop":{"background-color":"var(--ast-global-color-5)","background-image":"","background-repeat":"repeat","background-position":"center center","background-size":"auto","background-attachment":"scroll","background-type":"","background-media":"","overlay-type":"","overlay-color":"","overlay-opacity":"","overlay-gradient":""},"tablet":{"background-color":"var(--ast-global-color-5)","background-image":"","background-repeat":"repeat","background-position":"center center","background-size":"auto","background-attachment":"scroll","background-type":"","background-media":"","overlay-type":"","overlay-color":"","overlay-opacity":"","overlay-gradient":""},"mobile":{"background-color":"var(--ast-global-color-5)","background-image":"","background-repeat":"repeat","background-position":"center center","background-size":"auto","background-attachment":"scroll","background-type":"","background-media":"","overlay-type":"","overlay-color":"","overlay-opacity":"","overlay-gradient":""}},"footnotes":""},"class_list":["post-16","page","type-page","status-publish","hentry"],"yoast_head":"<!-- This site is optimized with the Yoast SEO plugin v27.3 - https:\/\/yoast.com\/product\/yoast-seo-wordpress\/ -->\n<title>Donate - Haven House<\/title>\n<meta name=\"robots\" content=\"index, follow, max-snippet:-1, max-image-preview:large, max-video-preview:-1\" \/>\n<link rel=\"canonical\" href=\"https:\/\/havenhousetn.org\/es\/donate\/\" \/>\n<meta property=\"og:locale\" content=\"es_MX\" \/>\n<meta property=\"og:type\" content=\"article\" \/>\n<meta property=\"og:title\" content=\"Donate - Haven House\" \/>\n<meta property=\"og:description\" content=\"Haven House depends on financial support from organizations, groups, and individuals. We can&#8217;t do the work of supporting victims of domestic violence. Your donations make Haven House and our mission of supporting and empowering victims possible, so please consider how you can join us as we work toward opportunities for healing and new life all [&hellip;]\" \/>\n<meta property=\"og:url\" content=\"https:\/\/havenhousetn.org\/es\/donate\/\" \/>\n<meta property=\"og:site_name\" content=\"Haven House\" \/>\n<meta property=\"article:modified_time\" content=\"2026-02-03T15:53:41+00:00\" \/>\n<meta property=\"og:image\" content=\"https:\/\/havenhousetn.org\/wp-content\/uploads\/2024\/11\/Denso-Updated-Logo-resized-Copy-1.webp\" \/>\n<meta name=\"twitter:card\" content=\"summary_large_image\" \/>\n<meta name=\"twitter:label1\" content=\"Tiempo de lectura\" \/>\n\t<meta name=\"twitter:data1\" content=\"1 minuto\" \/>\n<script type=\"application\/ld+json\" class=\"yoast-schema-graph\">{\"@context\":\"https:\\\/\\\/schema.org\",\"@graph\":[{\"@type\":\"WebPage\",\"@id\":\"https:\\\/\\\/havenhousetn.org\\\/donate\\\/\",\"url\":\"https:\\\/\\\/havenhousetn.org\\\/donate\\\/\",\"name\":\"Donate - Haven House\",\"isPartOf\":{\"@id\":\"https:\\\/\\\/havenhousetn.org\\\/#website\"},\"primaryImageOfPage\":{\"@id\":\"https:\\\/\\\/havenhousetn.org\\\/donate\\\/#primaryimage\"},\"image\":{\"@id\":\"https:\\\/\\\/havenhousetn.org\\\/donate\\\/#primaryimage\"},\"thumbnailUrl\":\"https:\\\/\\\/havenhousetn.org\\\/wp-content\\\/uploads\\\/2024\\\/11\\\/Denso-Updated-Logo-resized-Copy-1.webp\",\"datePublished\":\"2018-05-25T15:14:31+00:00\",\"dateModified\":\"2026-02-03T15:53:41+00:00\",\"breadcrumb\":{\"@id\":\"https:\\\/\\\/havenhousetn.org\\\/donate\\\/#breadcrumb\"},\"inLanguage\":\"es\",\"potentialAction\":[{\"@type\":\"ReadAction\",\"target\":[\"https:\\\/\\\/havenhousetn.org\\\/donate\\\/\"]}]},{\"@type\":\"ImageObject\",\"inLanguage\":\"es\",\"@id\":\"https:\\\/\\\/havenhousetn.org\\\/donate\\\/#primaryimage\",\"url\":\"https:\\\/\\\/havenhousetn.org\\\/wp-content\\\/uploads\\\/2024\\\/11\\\/Denso-Updated-Logo-resized-Copy-1.webp\",\"contentUrl\":\"https:\\\/\\\/havenhousetn.org\\\/wp-content\\\/uploads\\\/2024\\\/11\\\/Denso-Updated-Logo-resized-Copy-1.webp\"},{\"@type\":\"BreadcrumbList\",\"@id\":\"https:\\\/\\\/havenhousetn.org\\\/donate\\\/#breadcrumb\",\"itemListElement\":[{\"@type\":\"ListItem\",\"position\":1,\"name\":\"Home\",\"item\":\"https:\\\/\\\/havenhousetn.org\\\/\"},{\"@type\":\"ListItem\",\"position\":2,\"name\":\"Donate\"}]},{\"@type\":\"WebSite\",\"@id\":\"https:\\\/\\\/havenhousetn.org\\\/#website\",\"url\":\"https:\\\/\\\/havenhousetn.org\\\/\",\"name\":\"Haven House\",\"description\":\"\",\"publisher\":{\"@id\":\"https:\\\/\\\/havenhousetn.org\\\/#organization\"},\"potentialAction\":[{\"@type\":\"SearchAction\",\"target\":{\"@type\":\"EntryPoint\",\"urlTemplate\":\"https:\\\/\\\/havenhousetn.org\\\/?s={search_term_string}\"},\"query-input\":{\"@type\":\"PropertyValueSpecification\",\"valueRequired\":true,\"valueName\":\"search_term_string\"}}],\"inLanguage\":\"es\"},{\"@type\":\"Organization\",\"@id\":\"https:\\\/\\\/havenhousetn.org\\\/#organization\",\"name\":\"Haven House\",\"url\":\"https:\\\/\\\/havenhousetn.org\\\/\",\"logo\":{\"@type\":\"ImageObject\",\"inLanguage\":\"es\",\"@id\":\"https:\\\/\\\/havenhousetn.org\\\/#\\\/schema\\\/logo\\\/image\\\/\",\"url\":\"https:\\\/\\\/havenhousetn.org\\\/wp-content\\\/uploads\\\/2020\\\/11\\\/HH-Logo-White-2@2x.png\",\"contentUrl\":\"https:\\\/\\\/havenhousetn.org\\\/wp-content\\\/uploads\\\/2020\\\/11\\\/HH-Logo-White-2@2x.png\",\"width\":686,\"height\":584,\"caption\":\"Haven House\"},\"image\":{\"@id\":\"https:\\\/\\\/havenhousetn.org\\\/#\\\/schema\\\/logo\\\/image\\\/\"}}]}<\/script>\n<!-- \/ Yoast SEO plugin. -->","yoast_head_json":{"title":"Donate - Haven House","robots":{"index":"index","follow":"follow","max-snippet":"max-snippet:-1","max-image-preview":"max-image-preview:large","max-video-preview":"max-video-preview:-1"},"canonical":"https:\/\/havenhousetn.org\/es\/donate\/","og_locale":"es_MX","og_type":"article","og_title":"Donate - Haven House","og_description":"Haven House depends on financial support from organizations, groups, and individuals. We can&#8217;t do the work of supporting victims of domestic violence. Your donations make Haven House and our mission of supporting and empowering victims possible, so please consider how you can join us as we work toward opportunities for healing and new life all [&hellip;]","og_url":"https:\/\/havenhousetn.org\/es\/donate\/","og_site_name":"Haven House","article_modified_time":"2026-02-03T15:53:41+00:00","og_image":[{"url":"https:\/\/havenhousetn.org\/wp-content\/uploads\/2024\/11\/Denso-Updated-Logo-resized-Copy-1.webp","type":"","width":"","height":""}],"twitter_card":"summary_large_image","twitter_misc":{"Tiempo de lectura":"1 minuto"},"schema":{"@context":"https:\/\/schema.org","@graph":[{"@type":"WebPage","@id":"https:\/\/havenhousetn.org\/donate\/","url":"https:\/\/havenhousetn.org\/donate\/","name":"Donate - Haven House","isPartOf":{"@id":"https:\/\/havenhousetn.org\/#website"},"primaryImageOfPage":{"@id":"https:\/\/havenhousetn.org\/donate\/#primaryimage"},"image":{"@id":"https:\/\/havenhousetn.org\/donate\/#primaryimage"},"thumbnailUrl":"https:\/\/havenhousetn.org\/wp-content\/uploads\/2024\/11\/Denso-Updated-Logo-resized-Copy-1.webp","datePublished":"2018-05-25T15:14:31+00:00","dateModified":"2026-02-03T15:53:41+00:00","breadcrumb":{"@id":"https:\/\/havenhousetn.org\/donate\/#breadcrumb"},"inLanguage":"es","potentialAction":[{"@type":"ReadAction","target":["https:\/\/havenhousetn.org\/donate\/"]}]},{"@type":"ImageObject","inLanguage":"es","@id":"https:\/\/havenhousetn.org\/donate\/#primaryimage","url":"https:\/\/havenhousetn.org\/wp-content\/uploads\/2024\/11\/Denso-Updated-Logo-resized-Copy-1.webp","contentUrl":"https:\/\/havenhousetn.org\/wp-content\/uploads\/2024\/11\/Denso-Updated-Logo-resized-Copy-1.webp"},{"@type":"BreadcrumbList","@id":"https:\/\/havenhousetn.org\/donate\/#breadcrumb","itemListElement":[{"@type":"ListItem","position":1,"name":"Home","item":"https:\/\/havenhousetn.org\/"},{"@type":"ListItem","position":2,"name":"Donate"}]},{"@type":"WebSite","@id":"https:\/\/havenhousetn.org\/#website","url":"https:\/\/havenhousetn.org\/","name":"Casa refugio","description":"","publisher":{"@id":"https:\/\/havenhousetn.org\/#organization"},"potentialAction":[{"@type":"SearchAction","target":{"@type":"EntryPoint","urlTemplate":"https:\/\/havenhousetn.org\/?s={search_term_string}"},"query-input":{"@type":"PropertyValueSpecification","valueRequired":true,"valueName":"search_term_string"}}],"inLanguage":"es"},{"@type":"Organization","@id":"https:\/\/havenhousetn.org\/#organization","name":"Casa refugio","url":"https:\/\/havenhousetn.org\/","logo":{"@type":"ImageObject","inLanguage":"es","@id":"https:\/\/havenhousetn.org\/#\/schema\/logo\/image\/","url":"https:\/\/havenhousetn.org\/wp-content\/uploads\/2020\/11\/HH-Logo-White-2@2x.png","contentUrl":"https:\/\/havenhousetn.org\/wp-content\/uploads\/2020\/11\/HH-Logo-White-2@2x.png","width":686,"height":584,"caption":"Haven House"},"image":{"@id":"https:\/\/havenhousetn.org\/#\/schema\/logo\/image\/"}}]}},"_links":{"self":[{"href":"https:\/\/havenhousetn.org\/es\/wp-json\/wp\/v2\/pages\/16","targetHints":{"allow":["GET"]}}],"collection":[{"href":"https:\/\/havenhousetn.org\/es\/wp-json\/wp\/v2\/pages"}],"about":[{"href":"https:\/\/havenhousetn.org\/es\/wp-json\/wp\/v2\/types\/page"}],"author":[{"embeddable":true,"href":"https:\/\/havenhousetn.org\/es\/wp-json\/wp\/v2\/users\/1"}],"replies":[{"embeddable":true,"href":"https:\/\/havenhousetn.org\/es\/wp-json\/wp\/v2\/comments?post=16"}],"version-history":[{"count":0,"href":"https:\/\/havenhousetn.org\/es\/wp-json\/wp\/v2\/pages\/16\/revisions"}],"wp:attachment":[{"href":"https:\/\/havenhousetn.org\/es\/wp-json\/wp\/v2\/media?parent=16"}],"curies":[{"name":"wp","href":"https:\/\/api.w.org\/{rel}","templated":true}]}}