{"id":15,"date":"2018-05-25T11:14:19","date_gmt":"2018-05-25T11:14:19","guid":{"rendered":"https:\/\/havenhouse.flywheelsites.com\/services\/"},"modified":"2020-11-03T14:40:36","modified_gmt":"2020-11-03T19:40:36","slug":"services","status":"publish","type":"page","link":"https:\/\/havenhousetn.org\/es\/services\/","title":{"rendered":"Servicios"},"content":{"rendered":"<h1>\n\t\t\t\tServicios\n\t\t\t<\/h1>\n\t\t\t<h3>Haven House ofrece una l\u00ednea directa las 24 horas\u00a0<\/h3>\t\t\t\n\t\t\t<h2>L\u00ednea directa 24 horas al d\u00eda, 7 d\u00edas a la semana<\/h2>\t\t\t\n\t\t\t\t<p>Siempre estamos aqu\u00ed cuando necesita ayuda.<\/p>\n<p>Si usted o alguien que conoce est\u00e1 en peligro, llame a nuestra l\u00ednea directa de emergencia las 24 horas. Siempre habr\u00e1 alguien para escuchar, brindar apoyo emocional y crear un plan de seguridad con usted.<\/p>\n<p>Nuestro equipo experimentado evaluar\u00e1 su elegibilidad para una vivienda de emergencia, trabajar\u00e1 con usted en los pasos de intervenci\u00f3n en caso de crisis, brindar\u00e1 informaci\u00f3n educativa sobre los recursos y servicios comunitarios disponibles para usted y ofrecer\u00e1 servicios de seguimiento para su circunstancia.<\/p>\n<p>Tambi\u00e9n brindamos servicios de int\u00e9rprete, por lo que su historia siempre ser\u00e1 escuchada.<\/p>\n<p>\u00a0<\/p>\n\t\t\t<h2>Refugio de emergencia<\/h2>\t\t\t\n\t\t\t\t<p>Para aquellos que huyen de una situaci\u00f3n violenta, nuestro refugio de emergencia es un refugio seguro para el espacio y la curaci\u00f3n.<\/p>\n<p>Nuestro refugio de emergencia les brinda a las v\u00edctimas su propia habitaci\u00f3n para que puedan descansar de manera segura y c\u00f3moda, mientras que nuestros servicios de consejer\u00eda brindan la oportunidad para que las v\u00edctimas procesen su trauma. Nuestro equipo analizar\u00e1 su caso de forma individual y crear\u00e1 el plan que mejor se adapte a sus necesidades espec\u00edficas. Aprovecharemos nuestros recursos legales y de aplicaci\u00f3n de la ley en su nombre y abogaremos por sus derechos de protecci\u00f3n a trav\u00e9s de acciones como \u00f3rdenes de restricci\u00f3n y enjuiciamiento penal de su abusador.<\/p>\n<p>Tambi\u00e9n trabajaremos para que pueda comenzar su nueva vida despu\u00e9s de dejar nuestro refugio con asistencia laboral, oportunidades de educaci\u00f3n y servicios de transporte.<\/p>\n\t\t\t<h2>Brindamos a las v\u00edctimas y los ni\u00f1os una variedad de servicios de apoyo.<\/h2>\t\t\t\n\t\t\t\t\t\t<h3 tabindex=\"0\">L\u00ednea directa las 24 horas<\/h3>\n\t\t\t<p>Siempre estamos aqu\u00ed cuando necesita ayuda. Llame al 865-982-1087<\/p>\n\t\t\t\t\t\t<h3 tabindex=\"0\">Refugio de emergencia<\/h3>\n\t\t\t<p>Para aquellos que huyen de una situaci\u00f3n violenta, nuestro refugio de emergencia es un refugio seguro para el espacio y la curaci\u00f3n. APRENDE M\u00c1S<\/p>\n\t\t\t\t\t\t<h3 tabindex=\"0\">Servicios para ni\u00f1os<\/h3>\n\t\t\t<p>Haven House ofrece servicios para ni\u00f1os afectados por la violencia dom\u00e9stica. APRENDE M\u00c1S<\/p>\n\t\t\t\t\t\t<h3 tabindex=\"0\">Abogac\u00eda judicial y legal<\/h3>\n\t\t\t<p>En Haven House, creemos en defender sus derechos legales contra la violencia dom\u00e9stica. APRENDE M\u00c1S<\/p>\n\t\t\t\t\t\t<h3 tabindex=\"0\">Grupos de apoyo<\/h3>\n\t\t\t<p>Haven House ofrece grupos de apoyo para que las v\u00edctimas de violencia dom\u00e9stica se conecten y compartan.<\/p>\n<p>No tienes que pasar por esto solo.<\/p>\n<p>APRENDE M\u00c1S<\/p>","protected":false},"excerpt":{"rendered":"<p>Services Haven House provides a 24-hour hotline\u00a0 24\/7 Hotline We\u2019re always here when you need help. If you or someone you know is in danger, call our 24-hour emergency hotline. Someone will always be there to listen, provide emotional support, and create a safety plan with you. Our experienced team will assess your eligibility for [&hellip;]<\/p>\n","protected":false},"author":1,"featured_media":0,"parent":0,"menu_order":0,"comment_status":"closed","ping_status":"closed","template":"","meta":{"site-sidebar-layout":"no-sidebar","site-content-layout":"page-builder","ast-site-content-layout":"default","site-content-style":"default","site-sidebar-style":"default","ast-global-header-display":"","ast-banner-title-visibility":"","ast-main-header-display":"","ast-hfb-above-header-display":"","ast-hfb-below-header-display":"","ast-hfb-mobile-header-display":"","site-post-title":"disabled","ast-breadcrumbs-content":"","ast-featured-img":"disabled","footer-sml-layout":"","ast-disable-related-posts":"","theme-transparent-header-meta":"","adv-header-id-meta":"","stick-header-meta":"default","header-above-stick-meta":"","header-main-stick-meta":"","header-below-stick-meta":"","astra-migrate-meta-layouts":"default","ast-page-background-enabled":"default","ast-page-background-meta":{"desktop":{"background-color":"","background-image":"","background-repeat":"repeat","background-position":"center center","background-size":"auto","background-attachment":"scroll","background-type":"","background-media":"","overlay-type":"","overlay-color":"","overlay-opacity":"","overlay-gradient":""},"tablet":{"background-color":"","background-image":"","background-repeat":"repeat","background-position":"center center","background-size":"auto","background-attachment":"scroll","background-type":"","background-media":"","overlay-type":"","overlay-color":"","overlay-opacity":"","overlay-gradient":""},"mobile":{"background-color":"","background-image":"","background-repeat":"repeat","background-position":"center center","background-size":"auto","background-attachment":"scroll","background-type":"","background-media":"","overlay-type":"","overlay-color":"","overlay-opacity":"","overlay-gradient":""}},"ast-content-background-meta":{"desktop":{"background-color":"var(--ast-global-color-5)","background-image":"","background-repeat":"repeat","background-position":"center center","background-size":"auto","background-attachment":"scroll","background-type":"","background-media":"","overlay-type":"","overlay-color":"","overlay-opacity":"","overlay-gradient":""},"tablet":{"background-color":"var(--ast-global-color-5)","background-image":"","background-repeat":"repeat","background-position":"center center","background-size":"auto","background-attachment":"scroll","background-type":"","background-media":"","overlay-type":"","overlay-color":"","overlay-opacity":"","overlay-gradient":""},"mobile":{"background-color":"var(--ast-global-color-5)","background-image":"","background-repeat":"repeat","background-position":"center center","background-size":"auto","background-attachment":"scroll","background-type":"","background-media":"","overlay-type":"","overlay-color":"","overlay-opacity":"","overlay-gradient":""}},"footnotes":""},"class_list":["post-15","page","type-page","status-publish","hentry"],"yoast_head":"<!-- This site is optimized with the Yoast SEO plugin v27.4 - https:\/\/yoast.com\/product\/yoast-seo-wordpress\/ -->\n<title>Services - Haven House<\/title>\n<meta name=\"robots\" content=\"index, follow, max-snippet:-1, max-image-preview:large, max-video-preview:-1\" \/>\n<link rel=\"canonical\" href=\"https:\/\/havenhousetn.org\/es\/services\/\" \/>\n<meta property=\"og:locale\" content=\"es_MX\" \/>\n<meta property=\"og:type\" content=\"article\" \/>\n<meta property=\"og:title\" content=\"Services - Haven House\" \/>\n<meta property=\"og:description\" content=\"Services Haven House provides a 24-hour hotline\u00a0 24\/7 Hotline We\u2019re always here when you need help. If you or someone you know is in danger, call our 24-hour emergency hotline. Someone will always be there to listen, provide emotional support, and create a safety plan with you. Our experienced team will assess your eligibility for [&hellip;]\" \/>\n<meta property=\"og:url\" content=\"https:\/\/havenhousetn.org\/es\/services\/\" \/>\n<meta property=\"og:site_name\" content=\"Haven House\" \/>\n<meta property=\"article:modified_time\" content=\"2020-11-03T19:40:36+00:00\" \/>\n<meta name=\"twitter:card\" content=\"summary_large_image\" \/>\n<meta name=\"twitter:label1\" content=\"Tiempo de lectura\" \/>\n\t<meta name=\"twitter:data1\" content=\"2 minutos\" \/>\n<script type=\"application\/ld+json\" class=\"yoast-schema-graph\">{\"@context\":\"https:\\\/\\\/schema.org\",\"@graph\":[{\"@type\":\"WebPage\",\"@id\":\"https:\\\/\\\/havenhousetn.org\\\/services\\\/\",\"url\":\"https:\\\/\\\/havenhousetn.org\\\/services\\\/\",\"name\":\"Services - Haven House\",\"isPartOf\":{\"@id\":\"https:\\\/\\\/havenhousetn.org\\\/#website\"},\"datePublished\":\"2018-05-25T11:14:19+00:00\",\"dateModified\":\"2020-11-03T19:40:36+00:00\",\"breadcrumb\":{\"@id\":\"https:\\\/\\\/havenhousetn.org\\\/services\\\/#breadcrumb\"},\"inLanguage\":\"es\",\"potentialAction\":[{\"@type\":\"ReadAction\",\"target\":[\"https:\\\/\\\/havenhousetn.org\\\/services\\\/\"]}]},{\"@type\":\"BreadcrumbList\",\"@id\":\"https:\\\/\\\/havenhousetn.org\\\/services\\\/#breadcrumb\",\"itemListElement\":[{\"@type\":\"ListItem\",\"position\":1,\"name\":\"Home\",\"item\":\"https:\\\/\\\/havenhousetn.org\\\/\"},{\"@type\":\"ListItem\",\"position\":2,\"name\":\"Services\"}]},{\"@type\":\"WebSite\",\"@id\":\"https:\\\/\\\/havenhousetn.org\\\/#website\",\"url\":\"https:\\\/\\\/havenhousetn.org\\\/\",\"name\":\"Haven House\",\"description\":\"\",\"publisher\":{\"@id\":\"https:\\\/\\\/havenhousetn.org\\\/#organization\"},\"potentialAction\":[{\"@type\":\"SearchAction\",\"target\":{\"@type\":\"EntryPoint\",\"urlTemplate\":\"https:\\\/\\\/havenhousetn.org\\\/?s={search_term_string}\"},\"query-input\":{\"@type\":\"PropertyValueSpecification\",\"valueRequired\":true,\"valueName\":\"search_term_string\"}}],\"inLanguage\":\"es\"},{\"@type\":\"Organization\",\"@id\":\"https:\\\/\\\/havenhousetn.org\\\/#organization\",\"name\":\"Haven House\",\"url\":\"https:\\\/\\\/havenhousetn.org\\\/\",\"logo\":{\"@type\":\"ImageObject\",\"inLanguage\":\"es\",\"@id\":\"https:\\\/\\\/havenhousetn.org\\\/#\\\/schema\\\/logo\\\/image\\\/\",\"url\":\"https:\\\/\\\/havenhousetn.org\\\/wp-content\\\/uploads\\\/2020\\\/11\\\/HH-Logo-White-2@2x.png\",\"contentUrl\":\"https:\\\/\\\/havenhousetn.org\\\/wp-content\\\/uploads\\\/2020\\\/11\\\/HH-Logo-White-2@2x.png\",\"width\":686,\"height\":584,\"caption\":\"Haven House\"},\"image\":{\"@id\":\"https:\\\/\\\/havenhousetn.org\\\/#\\\/schema\\\/logo\\\/image\\\/\"}}]}<\/script>\n<!-- \/ Yoast SEO plugin. -->","yoast_head_json":{"title":"Services - Haven House","robots":{"index":"index","follow":"follow","max-snippet":"max-snippet:-1","max-image-preview":"max-image-preview:large","max-video-preview":"max-video-preview:-1"},"canonical":"https:\/\/havenhousetn.org\/es\/services\/","og_locale":"es_MX","og_type":"article","og_title":"Services - Haven House","og_description":"Services Haven House provides a 24-hour hotline\u00a0 24\/7 Hotline We\u2019re always here when you need help. If you or someone you know is in danger, call our 24-hour emergency hotline. Someone will always be there to listen, provide emotional support, and create a safety plan with you. Our experienced team will assess your eligibility for [&hellip;]","og_url":"https:\/\/havenhousetn.org\/es\/services\/","og_site_name":"Haven House","article_modified_time":"2020-11-03T19:40:36+00:00","twitter_card":"summary_large_image","twitter_misc":{"Tiempo de lectura":"2 minutos"},"schema":{"@context":"https:\/\/schema.org","@graph":[{"@type":"WebPage","@id":"https:\/\/havenhousetn.org\/services\/","url":"https:\/\/havenhousetn.org\/services\/","name":"Services - Haven House","isPartOf":{"@id":"https:\/\/havenhousetn.org\/#website"},"datePublished":"2018-05-25T11:14:19+00:00","dateModified":"2020-11-03T19:40:36+00:00","breadcrumb":{"@id":"https:\/\/havenhousetn.org\/services\/#breadcrumb"},"inLanguage":"es","potentialAction":[{"@type":"ReadAction","target":["https:\/\/havenhousetn.org\/services\/"]}]},{"@type":"BreadcrumbList","@id":"https:\/\/havenhousetn.org\/services\/#breadcrumb","itemListElement":[{"@type":"ListItem","position":1,"name":"Home","item":"https:\/\/havenhousetn.org\/"},{"@type":"ListItem","position":2,"name":"Services"}]},{"@type":"WebSite","@id":"https:\/\/havenhousetn.org\/#website","url":"https:\/\/havenhousetn.org\/","name":"Casa refugio","description":"","publisher":{"@id":"https:\/\/havenhousetn.org\/#organization"},"potentialAction":[{"@type":"SearchAction","target":{"@type":"EntryPoint","urlTemplate":"https:\/\/havenhousetn.org\/?s={search_term_string}"},"query-input":{"@type":"PropertyValueSpecification","valueRequired":true,"valueName":"search_term_string"}}],"inLanguage":"es"},{"@type":"Organization","@id":"https:\/\/havenhousetn.org\/#organization","name":"Casa refugio","url":"https:\/\/havenhousetn.org\/","logo":{"@type":"ImageObject","inLanguage":"es","@id":"https:\/\/havenhousetn.org\/#\/schema\/logo\/image\/","url":"https:\/\/havenhousetn.org\/wp-content\/uploads\/2020\/11\/HH-Logo-White-2@2x.png","contentUrl":"https:\/\/havenhousetn.org\/wp-content\/uploads\/2020\/11\/HH-Logo-White-2@2x.png","width":686,"height":584,"caption":"Haven House"},"image":{"@id":"https:\/\/havenhousetn.org\/#\/schema\/logo\/image\/"}}]}},"_links":{"self":[{"href":"https:\/\/havenhousetn.org\/es\/wp-json\/wp\/v2\/pages\/15","targetHints":{"allow":["GET"]}}],"collection":[{"href":"https:\/\/havenhousetn.org\/es\/wp-json\/wp\/v2\/pages"}],"about":[{"href":"https:\/\/havenhousetn.org\/es\/wp-json\/wp\/v2\/types\/page"}],"author":[{"embeddable":true,"href":"https:\/\/havenhousetn.org\/es\/wp-json\/wp\/v2\/users\/1"}],"replies":[{"embeddable":true,"href":"https:\/\/havenhousetn.org\/es\/wp-json\/wp\/v2\/comments?post=15"}],"version-history":[{"count":0,"href":"https:\/\/havenhousetn.org\/es\/wp-json\/wp\/v2\/pages\/15\/revisions"}],"wp:attachment":[{"href":"https:\/\/havenhousetn.org\/es\/wp-json\/wp\/v2\/media?parent=15"}],"curies":[{"name":"wp","href":"https:\/\/api.w.org\/{rel}","templated":true}]}}